{"id":94305,"date":"2020-07-06T16:12:40","date_gmt":"2020-07-06T22:12:40","guid":{"rendered":"https:\/\/www.uanl.mx\/primeringreso\/"},"modified":"2023-08-08T10:32:51","modified_gmt":"2023-08-08T15:32:51","slug":"primeringreso","status":"publish","type":"page","link":"https:\/\/www.uanl.mx\/en\/primeringreso\/","title":{"rendered":"Welcome"},"content":{"rendered":"<p><span style=\"color: #000000;\"><strong>Universidad Autonoma de Nuevo Leon welcomes you<\/strong><\/span><\/p>\n<p>Below you will find all the information you need to conduct different formalities and services available to students of the Maximum Academic Institution of the State.<\/p>\n<p>You may also use the <a href=\"https:\/\/www.uanl.mx\/preguntas-frecuentes\/\">FAQ<\/a> section of the UANL Website to help you solve any doubts you may have, as well as <a href=\"mailto:contactouni@uanl.mx\">contactouni@uanl.mx<\/a>.<\/p>\n<p>Remember that the social networks of your high school or college are a direct channel of communication where you can post all your concerns or questions.<\/p>\n<p>We wish you a successful start to the August &#8211; January 2023 semester and invite you to transcend in your academic life and future professional development.<\/p>\n","protected":false},"excerpt":{"rendered":"<p>Universidad Autonoma de Nuevo Leon welcomes you Below you will find all the information you need to conduct different formalities and services available to students of the Maximum Academic Institution of the State. You may also use the FAQ section of the UANL Website to help you solve any doubts you may have, as well [&hellip;]<\/p>\n","protected":false},"author":2,"featured_media":0,"parent":0,"menu_order":0,"comment_status":"closed","ping_status":"closed","template":"page-templates\/template_facultades_page.php","meta":{"_acf_changed":false,"footnotes":""},"tags":[19145],"class_list":["post-94305","page","type-page","status-publish","hentry","tag-universidad-autonoma-de-nuevo-leon-welcomes-you"],"acf":[],"yoast_head":"<!-- This site is optimized with the Yoast SEO Premium plugin v24.1 (Yoast SEO v24.8.1) - https:\/\/yoast.com\/wordpress\/plugins\/seo\/ -->\n<title>Welcome - Universidad Aut\u00f3noma de Nuevo Le\u00f3n<\/title>\n<meta name=\"description\" content=\"Universidad Aut\u00f3noma de Nuevo Le\u00f3n\" \/>\n<meta name=\"robots\" content=\"index, follow, max-snippet:-1, max-image-preview:large, max-video-preview:-1\" \/>\n<link rel=\"canonical\" href=\"https:\/\/www.uanl.mx\/en\/primeringreso\/\" \/>\n<meta property=\"og:locale\" content=\"en_US\" \/>\n<meta property=\"og:type\" content=\"article\" \/>\n<meta property=\"og:title\" content=\"Welcome\" \/>\n<meta property=\"og:description\" content=\"Universidad Aut\u00f3noma de Nuevo Le\u00f3n\" \/>\n<meta property=\"og:url\" content=\"https:\/\/www.uanl.mx\/en\/primeringreso\/\" \/>\n<meta property=\"og:site_name\" content=\"Universidad Aut\u00f3noma de Nuevo Le\u00f3n\" \/>\n<meta property=\"article:publisher\" content=\"https:\/\/www.facebook.com\/uanlred\/\" \/>\n<meta property=\"article:modified_time\" content=\"2023-08-08T15:32:51+00:00\" \/>\n<meta name=\"twitter:card\" content=\"summary_large_image\" \/>\n<meta name=\"twitter:site\" content=\"@uanl\" \/>\n<meta name=\"twitter:label1\" content=\"Est. reading time\" \/>\n\t<meta name=\"twitter:data1\" content=\"1 minute\" \/>\n<script type=\"application\/ld+json\" class=\"yoast-schema-graph\">{\"@context\":\"https:\/\/schema.org\",\"@graph\":[{\"@type\":\"WebPage\",\"@id\":\"https:\/\/www.uanl.mx\/en\/primeringreso\/\",\"url\":\"https:\/\/www.uanl.mx\/en\/primeringreso\/\",\"name\":\"Welcome - Universidad Aut\u00f3noma de Nuevo Le\u00f3n\",\"isPartOf\":{\"@id\":\"https:\/\/www.uanl.mx\/en\/#website\"},\"datePublished\":\"2020-07-06T22:12:40+00:00\",\"dateModified\":\"2023-08-08T15:32:51+00:00\",\"description\":\"Universidad Aut\u00f3noma de Nuevo Le\u00f3n\",\"breadcrumb\":{\"@id\":\"https:\/\/www.uanl.mx\/en\/primeringreso\/#breadcrumb\"},\"inLanguage\":\"en-US\",\"potentialAction\":[{\"@type\":\"ReadAction\",\"target\":[\"https:\/\/www.uanl.mx\/en\/primeringreso\/\"]}]},{\"@type\":\"BreadcrumbList\",\"@id\":\"https:\/\/www.uanl.mx\/en\/primeringreso\/#breadcrumb\",\"itemListElement\":[{\"@type\":\"ListItem\",\"position\":1,\"name\":\"Home\",\"item\":\"https:\/\/www.uanl.mx\/en\/\"},{\"@type\":\"ListItem\",\"position\":2,\"name\":\"Welcome\"}]},{\"@type\":\"WebSite\",\"@id\":\"https:\/\/www.uanl.mx\/en\/#website\",\"url\":\"https:\/\/www.uanl.mx\/en\/\",\"name\":\"Universidad Aut\u00f3noma de Nuevo Le\u00f3n\",\"description\":\"UANL\",\"publisher\":{\"@id\":\"https:\/\/www.uanl.mx\/en\/#organization\"},\"potentialAction\":[{\"@type\":\"SearchAction\",\"target\":{\"@type\":\"EntryPoint\",\"urlTemplate\":\"https:\/\/www.uanl.mx\/en\/?s={search_term_string}\"},\"query-input\":{\"@type\":\"PropertyValueSpecification\",\"valueRequired\":true,\"valueName\":\"search_term_string\"}}],\"inLanguage\":\"en-US\"},{\"@type\":\"Organization\",\"@id\":\"https:\/\/www.uanl.mx\/en\/#organization\",\"name\":\"UANL - Universidad Aut\u00f3noma de Nuevo Le\u00f3n\",\"url\":\"https:\/\/www.uanl.mx\/en\/\",\"logo\":{\"@type\":\"ImageObject\",\"inLanguage\":\"en-US\",\"@id\":\"https:\/\/www.uanl.mx\/en\/#\/schema\/logo\/image\/\",\"url\":\"https:\/\/www.uanl.mx\/wp-content\/uploads\/2019\/03\/uanl.jpg\",\"contentUrl\":\"https:\/\/www.uanl.mx\/wp-content\/uploads\/2019\/03\/uanl.jpg\",\"width\":200,\"height\":91,\"caption\":\"UANL - Universidad Aut\u00f3noma de Nuevo Le\u00f3n\"},\"image\":{\"@id\":\"https:\/\/www.uanl.mx\/en\/#\/schema\/logo\/image\/\"},\"sameAs\":[\"https:\/\/www.facebook.com\/uanlred\/\",\"https:\/\/x.com\/uanl\"]}]}<\/script>\n<!-- \/ Yoast SEO Premium plugin. -->","yoast_head_json":{"title":"Welcome - Universidad Aut\u00f3noma de Nuevo Le\u00f3n","description":"Universidad Aut\u00f3noma de Nuevo Le\u00f3n","robots":{"index":"index","follow":"follow","max-snippet":"max-snippet:-1","max-image-preview":"max-image-preview:large","max-video-preview":"max-video-preview:-1"},"canonical":"https:\/\/www.uanl.mx\/en\/primeringreso\/","og_locale":"en_US","og_type":"article","og_title":"Welcome","og_description":"Universidad Aut\u00f3noma de Nuevo Le\u00f3n","og_url":"https:\/\/www.uanl.mx\/en\/primeringreso\/","og_site_name":"Universidad Aut\u00f3noma de Nuevo Le\u00f3n","article_publisher":"https:\/\/www.facebook.com\/uanlred\/","article_modified_time":"2023-08-08T15:32:51+00:00","twitter_card":"summary_large_image","twitter_site":"@uanl","twitter_misc":{"Est. reading time":"1 minute"},"schema":{"@context":"https:\/\/schema.org","@graph":[{"@type":"WebPage","@id":"https:\/\/www.uanl.mx\/en\/primeringreso\/","url":"https:\/\/www.uanl.mx\/en\/primeringreso\/","name":"Welcome - Universidad Aut\u00f3noma de Nuevo Le\u00f3n","isPartOf":{"@id":"https:\/\/www.uanl.mx\/en\/#website"},"datePublished":"2020-07-06T22:12:40+00:00","dateModified":"2023-08-08T15:32:51+00:00","description":"Universidad Aut\u00f3noma de Nuevo Le\u00f3n","breadcrumb":{"@id":"https:\/\/www.uanl.mx\/en\/primeringreso\/#breadcrumb"},"inLanguage":"en-US","potentialAction":[{"@type":"ReadAction","target":["https:\/\/www.uanl.mx\/en\/primeringreso\/"]}]},{"@type":"BreadcrumbList","@id":"https:\/\/www.uanl.mx\/en\/primeringreso\/#breadcrumb","itemListElement":[{"@type":"ListItem","position":1,"name":"Home","item":"https:\/\/www.uanl.mx\/en\/"},{"@type":"ListItem","position":2,"name":"Welcome"}]},{"@type":"WebSite","@id":"https:\/\/www.uanl.mx\/en\/#website","url":"https:\/\/www.uanl.mx\/en\/","name":"Universidad Aut\u00f3noma de Nuevo Le\u00f3n","description":"UANL","publisher":{"@id":"https:\/\/www.uanl.mx\/en\/#organization"},"potentialAction":[{"@type":"SearchAction","target":{"@type":"EntryPoint","urlTemplate":"https:\/\/www.uanl.mx\/en\/?s={search_term_string}"},"query-input":{"@type":"PropertyValueSpecification","valueRequired":true,"valueName":"search_term_string"}}],"inLanguage":"en-US"},{"@type":"Organization","@id":"https:\/\/www.uanl.mx\/en\/#organization","name":"UANL - Universidad Aut\u00f3noma de Nuevo Le\u00f3n","url":"https:\/\/www.uanl.mx\/en\/","logo":{"@type":"ImageObject","inLanguage":"en-US","@id":"https:\/\/www.uanl.mx\/en\/#\/schema\/logo\/image\/","url":"https:\/\/www.uanl.mx\/wp-content\/uploads\/2019\/03\/uanl.jpg","contentUrl":"https:\/\/www.uanl.mx\/wp-content\/uploads\/2019\/03\/uanl.jpg","width":200,"height":91,"caption":"UANL - Universidad Aut\u00f3noma de Nuevo Le\u00f3n"},"image":{"@id":"https:\/\/www.uanl.mx\/en\/#\/schema\/logo\/image\/"},"sameAs":["https:\/\/www.facebook.com\/uanlred\/","https:\/\/x.com\/uanl"]}]}},"_links":{"self":[{"href":"https:\/\/www.uanl.mx\/en\/wp-json\/wp\/v2\/pages\/94305","targetHints":{"allow":["GET"]}}],"collection":[{"href":"https:\/\/www.uanl.mx\/en\/wp-json\/wp\/v2\/pages"}],"about":[{"href":"https:\/\/www.uanl.mx\/en\/wp-json\/wp\/v2\/types\/page"}],"author":[{"embeddable":true,"href":"https:\/\/www.uanl.mx\/en\/wp-json\/wp\/v2\/users\/2"}],"replies":[{"embeddable":true,"href":"https:\/\/www.uanl.mx\/en\/wp-json\/wp\/v2\/comments?post=94305"}],"version-history":[{"count":3,"href":"https:\/\/www.uanl.mx\/en\/wp-json\/wp\/v2\/pages\/94305\/revisions"}],"predecessor-version":[{"id":94314,"href":"https:\/\/www.uanl.mx\/en\/wp-json\/wp\/v2\/pages\/94305\/revisions\/94314"}],"wp:attachment":[{"href":"https:\/\/www.uanl.mx\/en\/wp-json\/wp\/v2\/media?parent=94305"}],"wp:term":[{"taxonomy":"post_tag","embeddable":true,"href":"https:\/\/www.uanl.mx\/en\/wp-json\/wp\/v2\/tags?post=94305"}],"curies":[{"name":"wp","href":"https:\/\/api.w.org\/{rel}","templated":true}]}}