{"id":88520,"date":"2021-10-26T09:54:55","date_gmt":"2021-10-26T14:54:55","guid":{"rendered":"https:\/\/www.uanl.mx\/mensaje-rector\/"},"modified":"2025-08-04T07:08:21","modified_gmt":"2025-08-04T13:08:21","slug":"mensaje-rector","status":"publish","type":"page","link":"https:\/\/www.uanl.mx\/en\/mensaje-rector\/","title":{"rendered":"Office of the President"},"content":{"rendered":"<p>I am pleased to welcome you to Universidad Autonoma de Nuevo Leon, an institution founded in 1933 and known for its excellence in higher education, by training humanistic and scientific professionals who contribute to finding solutions to social problems and bringing change and innovation to the northeastern region of Mexico.<\/p>\n<p>Today, more than 220 thousand students wish to complete their professional goals through one of the 406 programs offered at high school, undergraduate, and postgraduate stages. Our programs are available to our students through 29 high schools and 26 colleges across 30 municipalities in Nuevo Leon.<\/p>\n<p>It is worth mentioning that one hundred percent of bachelor programs are ranked level 1 in \u201cPadr\u00f3n de Calidad del Sistema Nacional de Educaci\u00f3n Media Superior\u201d (Quality Standard of the National System of Upper Secondary Education).<\/p>\n<p>Similarly, at the high school level, every program attains Level 1 of the Good Quality Standard. Moving on to the undergraduate level, 22 of our academic programs undergo evaluation and accreditation by the Interinstitutional Committees for the Evaluation of Higher Education, while 67 receive accreditation from the Council for the Accreditation of Higher Education. Moreover, at the graduate level, a remarkable total of 117 master&#8217;s, doctoral, and specialization programs adhere to Conacyt&#8217;s National Graduate Quality Program Standard.<\/p>\n<p>Our raison d&#8217;\u00eatre is our students. We are dedicated to providing them with a well-rounded education that takes into account the regional, national, and global context. This education is built on a strong foundation of principles and values, emphasizing our commitment to sustainable, scientific, technological, and cultural development. Our ultimate goal is to empower our students to emerge as proficient, competitive, innovative, and socially responsible professionals.<\/p>\n<p>When you choose Universidad Autonoma de Nuevo Leon as the place to pursue your professional development, you are signing up for an institution that is premised on <strong>Excellence as a principle and Education as an instrument.<\/strong><\/p>\n<p>&nbsp;<\/p>\n<h5 style=\"text-align: center;\">It is a pleasure to welcome you to the Maximum Academic Institution of Nuevo Leon, the home of Tigres<\/h5>\n<h3 style=\"text-align: center;\">Dr. med. Santos Guzm\u00e1n L\u00f3pez<br \/>\nPresident<\/h3>\n<p><img loading=\"lazy\" decoding=\"async\" class=\"size-full wp-image-76426 aligncenter\" src=\"https:\/\/www.uanl.mx\/wp-content\/uploads\/2021\/10\/logo-rectoria.png\" alt=\"\" width=\"610\" height=\"200\" \/><\/p>\n<h3 style=\"text-align: center;\"><\/h3>\n","protected":false},"excerpt":{"rendered":"<p>I am pleased to welcome you to Universidad Autonoma de Nuevo Leon, an institution founded in 1933 and known for its excellence in higher education, by training humanistic and scientific professionals who contribute to finding solutions to social problems and bringing change and innovation to the northeastern region of Mexico. Today, more than 220 thousand [&hellip;]<\/p>\n","protected":false},"author":2,"featured_media":105401,"parent":0,"menu_order":0,"comment_status":"closed","ping_status":"closed","template":"page-templates\/template_contenido_estandar_page.php","meta":{"_acf_changed":false,"footnotes":""},"tags":[18288,18289,18290,18291,18292,18293,18294,18295,14596,18296,14121],"class_list":["post-88520","page","type-page","status-publish","has-post-thumbnail","hentry","tag-dr-santos-guzman-en","tag-educacion-como-instrumento-en","tag-estudios-en-nuevo-leon-en","tag-excelencia-por-principio-en","tag-maxima-casa-de-estudios-en","tag-mensaje-del-rector-uanl-en","tag-rector-uanl-en","tag-santos-guzman-uanl-en","tag-uanl-president","tag-universidades-en-mexico-en","tag-universities-in-mexico"],"acf":[],"yoast_head":"<!-- This site is optimized with the Yoast SEO Premium plugin v24.1 (Yoast SEO v24.8.1) - https:\/\/yoast.com\/wordpress\/plugins\/seo\/ -->\n<title>Office of the President - Universidad Aut\u00f3noma de Nuevo Le\u00f3n<\/title>\n<meta name=\"description\" content=\"Universidad Aut\u00f3noma de Nuevo Le\u00f3n. Office of the President. Dr. med. Santos Guzm\u00e1n L\u00f3pez. Learn more about our institution here.\" \/>\n<meta name=\"robots\" content=\"index, follow, max-snippet:-1, max-image-preview:large, max-video-preview:-1\" \/>\n<link rel=\"canonical\" href=\"https:\/\/www.uanl.mx\/en\/mensaje-rector\/\" \/>\n<meta property=\"og:locale\" content=\"en_US\" \/>\n<meta property=\"og:type\" content=\"article\" \/>\n<meta property=\"og:title\" content=\"Office of the President\" \/>\n<meta property=\"og:description\" content=\"Universidad Aut\u00f3noma de Nuevo Le\u00f3n. Office of the President. Dr. med. Santos Guzm\u00e1n L\u00f3pez. Learn more about our institution here.\" \/>\n<meta property=\"og:url\" content=\"https:\/\/www.uanl.mx\/en\/mensaje-rector\/\" \/>\n<meta property=\"og:site_name\" content=\"Universidad Aut\u00f3noma de Nuevo Le\u00f3n\" \/>\n<meta property=\"article:publisher\" content=\"https:\/\/www.facebook.com\/uanlred\/\" \/>\n<meta property=\"article:modified_time\" content=\"2025-08-04T13:08:21+00:00\" \/>\n<meta property=\"og:image\" content=\"https:\/\/www.uanl.mx\/wp-content\/uploads\/2018\/08\/Guzma\u0301nLo\u0301pez.jpg\" \/>\n\t<meta property=\"og:image:width\" content=\"768\" \/>\n\t<meta property=\"og:image:height\" content=\"1024\" \/>\n\t<meta property=\"og:image:type\" content=\"image\/jpeg\" \/>\n<meta name=\"twitter:card\" content=\"summary_large_image\" \/>\n<meta name=\"twitter:site\" content=\"@uanl\" \/>\n<meta name=\"twitter:label1\" content=\"Est. reading time\" \/>\n\t<meta name=\"twitter:data1\" content=\"2 minutes\" \/>\n<script type=\"application\/ld+json\" class=\"yoast-schema-graph\">{\"@context\":\"https:\/\/schema.org\",\"@graph\":[{\"@type\":\"WebPage\",\"@id\":\"https:\/\/www.uanl.mx\/en\/mensaje-rector\/\",\"url\":\"https:\/\/www.uanl.mx\/en\/mensaje-rector\/\",\"name\":\"Office of the President - Universidad Aut\u00f3noma de Nuevo Le\u00f3n\",\"isPartOf\":{\"@id\":\"https:\/\/www.uanl.mx\/en\/#website\"},\"primaryImageOfPage\":{\"@id\":\"https:\/\/www.uanl.mx\/en\/mensaje-rector\/#primaryimage\"},\"image\":{\"@id\":\"https:\/\/www.uanl.mx\/en\/mensaje-rector\/#primaryimage\"},\"thumbnailUrl\":\"https:\/\/www.uanl.mx\/wp-content\/uploads\/2018\/08\/Guzma\u0301nLo\u0301pez.jpg\",\"datePublished\":\"2021-10-26T14:54:55+00:00\",\"dateModified\":\"2025-08-04T13:08:21+00:00\",\"description\":\"Universidad Aut\u00f3noma de Nuevo Le\u00f3n. Office of the President. Dr. med. Santos Guzm\u00e1n L\u00f3pez. Learn more about our institution here.\",\"breadcrumb\":{\"@id\":\"https:\/\/www.uanl.mx\/en\/mensaje-rector\/#breadcrumb\"},\"inLanguage\":\"en-US\",\"potentialAction\":[{\"@type\":\"ReadAction\",\"target\":[\"https:\/\/www.uanl.mx\/en\/mensaje-rector\/\"]}]},{\"@type\":\"ImageObject\",\"inLanguage\":\"en-US\",\"@id\":\"https:\/\/www.uanl.mx\/en\/mensaje-rector\/#primaryimage\",\"url\":\"https:\/\/www.uanl.mx\/wp-content\/uploads\/2018\/08\/Guzma\u0301nLo\u0301pez.jpg\",\"contentUrl\":\"https:\/\/www.uanl.mx\/wp-content\/uploads\/2018\/08\/Guzma\u0301nLo\u0301pez.jpg\",\"width\":768,\"height\":1024},{\"@type\":\"BreadcrumbList\",\"@id\":\"https:\/\/www.uanl.mx\/en\/mensaje-rector\/#breadcrumb\",\"itemListElement\":[{\"@type\":\"ListItem\",\"position\":1,\"name\":\"Home\",\"item\":\"https:\/\/www.uanl.mx\/en\/\"},{\"@type\":\"ListItem\",\"position\":2,\"name\":\"Office of the President\"}]},{\"@type\":\"WebSite\",\"@id\":\"https:\/\/www.uanl.mx\/en\/#website\",\"url\":\"https:\/\/www.uanl.mx\/en\/\",\"name\":\"Universidad Aut\u00f3noma de Nuevo Le\u00f3n\",\"description\":\"UANL\",\"publisher\":{\"@id\":\"https:\/\/www.uanl.mx\/en\/#organization\"},\"potentialAction\":[{\"@type\":\"SearchAction\",\"target\":{\"@type\":\"EntryPoint\",\"urlTemplate\":\"https:\/\/www.uanl.mx\/en\/?s={search_term_string}\"},\"query-input\":{\"@type\":\"PropertyValueSpecification\",\"valueRequired\":true,\"valueName\":\"search_term_string\"}}],\"inLanguage\":\"en-US\"},{\"@type\":\"Organization\",\"@id\":\"https:\/\/www.uanl.mx\/en\/#organization\",\"name\":\"UANL - Universidad Aut\u00f3noma de Nuevo Le\u00f3n\",\"url\":\"https:\/\/www.uanl.mx\/en\/\",\"logo\":{\"@type\":\"ImageObject\",\"inLanguage\":\"en-US\",\"@id\":\"https:\/\/www.uanl.mx\/en\/#\/schema\/logo\/image\/\",\"url\":\"https:\/\/www.uanl.mx\/wp-content\/uploads\/2019\/03\/uanl.jpg\",\"contentUrl\":\"https:\/\/www.uanl.mx\/wp-content\/uploads\/2019\/03\/uanl.jpg\",\"width\":200,\"height\":91,\"caption\":\"UANL - Universidad Aut\u00f3noma de Nuevo Le\u00f3n\"},\"image\":{\"@id\":\"https:\/\/www.uanl.mx\/en\/#\/schema\/logo\/image\/\"},\"sameAs\":[\"https:\/\/www.facebook.com\/uanlred\/\",\"https:\/\/x.com\/uanl\"]}]}<\/script>\n<!-- \/ Yoast SEO Premium plugin. -->","yoast_head_json":{"title":"Office of the President - Universidad Aut\u00f3noma de Nuevo Le\u00f3n","description":"Universidad Aut\u00f3noma de Nuevo Le\u00f3n. Office of the President. Dr. med. Santos Guzm\u00e1n L\u00f3pez. Learn more about our institution here.","robots":{"index":"index","follow":"follow","max-snippet":"max-snippet:-1","max-image-preview":"max-image-preview:large","max-video-preview":"max-video-preview:-1"},"canonical":"https:\/\/www.uanl.mx\/en\/mensaje-rector\/","og_locale":"en_US","og_type":"article","og_title":"Office of the President","og_description":"Universidad Aut\u00f3noma de Nuevo Le\u00f3n. Office of the President. Dr. med. Santos Guzm\u00e1n L\u00f3pez. Learn more about our institution here.","og_url":"https:\/\/www.uanl.mx\/en\/mensaje-rector\/","og_site_name":"Universidad Aut\u00f3noma de Nuevo Le\u00f3n","article_publisher":"https:\/\/www.facebook.com\/uanlred\/","article_modified_time":"2025-08-04T13:08:21+00:00","og_image":[{"width":768,"height":1024,"url":"https:\/\/www.uanl.mx\/wp-content\/uploads\/2018\/08\/Guzma\u0301nLo\u0301pez.jpg","type":"image\/jpeg"}],"twitter_card":"summary_large_image","twitter_site":"@uanl","twitter_misc":{"Est. reading time":"2 minutes"},"schema":{"@context":"https:\/\/schema.org","@graph":[{"@type":"WebPage","@id":"https:\/\/www.uanl.mx\/en\/mensaje-rector\/","url":"https:\/\/www.uanl.mx\/en\/mensaje-rector\/","name":"Office of the President - Universidad Aut\u00f3noma de Nuevo Le\u00f3n","isPartOf":{"@id":"https:\/\/www.uanl.mx\/en\/#website"},"primaryImageOfPage":{"@id":"https:\/\/www.uanl.mx\/en\/mensaje-rector\/#primaryimage"},"image":{"@id":"https:\/\/www.uanl.mx\/en\/mensaje-rector\/#primaryimage"},"thumbnailUrl":"https:\/\/www.uanl.mx\/wp-content\/uploads\/2018\/08\/Guzma\u0301nLo\u0301pez.jpg","datePublished":"2021-10-26T14:54:55+00:00","dateModified":"2025-08-04T13:08:21+00:00","description":"Universidad Aut\u00f3noma de Nuevo Le\u00f3n. Office of the President. Dr. med. Santos Guzm\u00e1n L\u00f3pez. Learn more about our institution here.","breadcrumb":{"@id":"https:\/\/www.uanl.mx\/en\/mensaje-rector\/#breadcrumb"},"inLanguage":"en-US","potentialAction":[{"@type":"ReadAction","target":["https:\/\/www.uanl.mx\/en\/mensaje-rector\/"]}]},{"@type":"ImageObject","inLanguage":"en-US","@id":"https:\/\/www.uanl.mx\/en\/mensaje-rector\/#primaryimage","url":"https:\/\/www.uanl.mx\/wp-content\/uploads\/2018\/08\/Guzma\u0301nLo\u0301pez.jpg","contentUrl":"https:\/\/www.uanl.mx\/wp-content\/uploads\/2018\/08\/Guzma\u0301nLo\u0301pez.jpg","width":768,"height":1024},{"@type":"BreadcrumbList","@id":"https:\/\/www.uanl.mx\/en\/mensaje-rector\/#breadcrumb","itemListElement":[{"@type":"ListItem","position":1,"name":"Home","item":"https:\/\/www.uanl.mx\/en\/"},{"@type":"ListItem","position":2,"name":"Office of the President"}]},{"@type":"WebSite","@id":"https:\/\/www.uanl.mx\/en\/#website","url":"https:\/\/www.uanl.mx\/en\/","name":"Universidad Aut\u00f3noma de Nuevo Le\u00f3n","description":"UANL","publisher":{"@id":"https:\/\/www.uanl.mx\/en\/#organization"},"potentialAction":[{"@type":"SearchAction","target":{"@type":"EntryPoint","urlTemplate":"https:\/\/www.uanl.mx\/en\/?s={search_term_string}"},"query-input":{"@type":"PropertyValueSpecification","valueRequired":true,"valueName":"search_term_string"}}],"inLanguage":"en-US"},{"@type":"Organization","@id":"https:\/\/www.uanl.mx\/en\/#organization","name":"UANL - Universidad Aut\u00f3noma de Nuevo Le\u00f3n","url":"https:\/\/www.uanl.mx\/en\/","logo":{"@type":"ImageObject","inLanguage":"en-US","@id":"https:\/\/www.uanl.mx\/en\/#\/schema\/logo\/image\/","url":"https:\/\/www.uanl.mx\/wp-content\/uploads\/2019\/03\/uanl.jpg","contentUrl":"https:\/\/www.uanl.mx\/wp-content\/uploads\/2019\/03\/uanl.jpg","width":200,"height":91,"caption":"UANL - Universidad Aut\u00f3noma de Nuevo Le\u00f3n"},"image":{"@id":"https:\/\/www.uanl.mx\/en\/#\/schema\/logo\/image\/"},"sameAs":["https:\/\/www.facebook.com\/uanlred\/","https:\/\/x.com\/uanl"]}]}},"_links":{"self":[{"href":"https:\/\/www.uanl.mx\/en\/wp-json\/wp\/v2\/pages\/88520","targetHints":{"allow":["GET"]}}],"collection":[{"href":"https:\/\/www.uanl.mx\/en\/wp-json\/wp\/v2\/pages"}],"about":[{"href":"https:\/\/www.uanl.mx\/en\/wp-json\/wp\/v2\/types\/page"}],"author":[{"embeddable":true,"href":"https:\/\/www.uanl.mx\/en\/wp-json\/wp\/v2\/users\/2"}],"replies":[{"embeddable":true,"href":"https:\/\/www.uanl.mx\/en\/wp-json\/wp\/v2\/comments?post=88520"}],"version-history":[{"count":9,"href":"https:\/\/www.uanl.mx\/en\/wp-json\/wp\/v2\/pages\/88520\/revisions"}],"predecessor-version":[{"id":111588,"href":"https:\/\/www.uanl.mx\/en\/wp-json\/wp\/v2\/pages\/88520\/revisions\/111588"}],"wp:featuredmedia":[{"embeddable":true,"href":"https:\/\/www.uanl.mx\/en\/wp-json\/wp\/v2\/media\/105401"}],"wp:attachment":[{"href":"https:\/\/www.uanl.mx\/en\/wp-json\/wp\/v2\/media?parent=88520"}],"wp:term":[{"taxonomy":"post_tag","embeddable":true,"href":"https:\/\/www.uanl.mx\/en\/wp-json\/wp\/v2\/tags?post=88520"}],"curies":[{"name":"wp","href":"https:\/\/api.w.org\/{rel}","templated":true}]}}