{"id":41144,"date":"2018-09-26T18:42:16","date_gmt":"2018-09-26T18:42:16","guid":{"rendered":"https:\/\/www.uanl.mx\/campus-de-sabinas-hidalgo\/"},"modified":"2019-03-22T12:02:01","modified_gmt":"2019-03-22T18:02:01","slug":"sabinas-hidalgo-campus","status":"publish","type":"page","link":"https:\/\/www.uanl.mx\/en\/campuses\/sabinas-hidalgo-campus\/","title":{"rendered":"Sabinas Hidalgo Campus"},"content":{"rendered":"<p><img loading=\"lazy\" decoding=\"async\" class=\"alignnone size-full wp-image-39679\" src=\"https:\/\/www.uanl.mx\/wp-content\/uploads\/2019\/03\/Campus-Sabinas.jpg\" alt=\"Campus Sabinas UANL\" width=\"1000\" height=\"779\" \/><\/p>\n<p>&nbsp;<\/p>\n<p>Consisting of 42.15 acres, the Sabinas Hidalgo campus is located outside the metropolitan area of Monterrey. Here you can find the extensions of the schools below:<\/p>\n<ul>\n<li>Law and Criminology<\/li>\n<li>Accounting and Business Management<\/li>\n<li>Nursing<\/li>\n<li>Psychology<\/li>\n<li>High School No. 5.<\/li>\n<\/ul>\n<p>&nbsp;<\/p>\n<p><iframe loading=\"lazy\" style=\"border: 0;\" src=\"https:\/\/www.google.com\/maps\/embed?pb=!1m18!1m12!1m3!1d3570.1934178104243!2d-100.21312468425702!3d26.513903183525724!2m3!1f0!2f0!3f0!3m2!1i1024!2i768!4f13.1!3m3!1m2!1s0x86623eb71778b48b%3A0xfa0f546e632e0073!2sU.a.n.l.+Campus+Sabinas+Hidalgo!5e0!3m2!1sen!2smx!4v1544137908229\" width=\"100%\" height=\"450\" frameborder=\"0\" allowfullscreen=\"allowfullscreen\"><\/iframe><\/p>\n","protected":false},"excerpt":{"rendered":"<p>&nbsp; Consisting of 42.15 acres, the Sabinas Hidalgo campus is located outside the metropolitan area of Monterrey. Here you can find the extensions of the schools below: Law and Criminology Accounting and Business Management Nursing Psychology High School No. 5. &nbsp;<\/p>\n","protected":false},"author":2,"featured_media":0,"parent":38008,"menu_order":0,"comment_status":"closed","ping_status":"closed","template":"page-templates\/template_contenido_estandar_full_width.php","meta":{"_acf_changed":false,"footnotes":""},"tags":[6164],"class_list":["post-41144","page","type-page","status-publish","hentry","tag-campus-sabinas-hidalgo-uanl-en"],"acf":[],"yoast_head":"<!-- This site is optimized with the Yoast SEO Premium plugin v24.1 (Yoast SEO v24.8.1) - https:\/\/yoast.com\/wordpress\/plugins\/seo\/ -->\n<title>Sabinas Hidalgo Campus - Universidad Aut\u00f3noma de Nuevo Le\u00f3n<\/title>\n<meta name=\"description\" content=\"Universidad Aut\u00f3noma de Nuevo Le\u00f3n\" \/>\n<meta name=\"robots\" content=\"index, follow, max-snippet:-1, max-image-preview:large, max-video-preview:-1\" \/>\n<link rel=\"canonical\" href=\"https:\/\/www.uanl.mx\/en\/sabinas-hidalgo-campus\/\" \/>\n<meta property=\"og:locale\" content=\"en_US\" \/>\n<meta property=\"og:type\" content=\"article\" \/>\n<meta property=\"og:title\" content=\"Sabinas Hidalgo Campus\" \/>\n<meta property=\"og:description\" content=\"Universidad Aut\u00f3noma de Nuevo Le\u00f3n\" \/>\n<meta property=\"og:url\" content=\"https:\/\/www.uanl.mx\/en\/sabinas-hidalgo-campus\/\" \/>\n<meta property=\"og:site_name\" content=\"Universidad Aut\u00f3noma de Nuevo Le\u00f3n\" \/>\n<meta property=\"article:publisher\" content=\"https:\/\/www.facebook.com\/uanlred\/\" \/>\n<meta property=\"article:modified_time\" content=\"2019-03-22T18:02:01+00:00\" \/>\n<meta property=\"og:image\" content=\"https:\/\/www.uanl.mx\/wp-content\/uploads\/2019\/03\/Campus-Sabinas.jpg\" \/>\n<meta name=\"twitter:card\" content=\"summary_large_image\" \/>\n<meta name=\"twitter:site\" content=\"@uanl\" \/>\n<script type=\"application\/ld+json\" class=\"yoast-schema-graph\">{\"@context\":\"https:\/\/schema.org\",\"@graph\":[{\"@type\":\"WebPage\",\"@id\":\"https:\/\/www.uanl.mx\/en\/sabinas-hidalgo-campus\/\",\"url\":\"https:\/\/www.uanl.mx\/en\/sabinas-hidalgo-campus\/\",\"name\":\"Sabinas Hidalgo Campus - Universidad Aut\u00f3noma de Nuevo Le\u00f3n\",\"isPartOf\":{\"@id\":\"https:\/\/www.uanl.mx\/en\/#website\"},\"primaryImageOfPage\":{\"@id\":\"https:\/\/www.uanl.mx\/en\/sabinas-hidalgo-campus\/#primaryimage\"},\"image\":{\"@id\":\"https:\/\/www.uanl.mx\/en\/sabinas-hidalgo-campus\/#primaryimage\"},\"thumbnailUrl\":\"https:\/\/www.uanl.mx\/wp-content\/uploads\/2019\/03\/Campus-Sabinas.jpg\",\"datePublished\":\"2018-09-26T18:42:16+00:00\",\"dateModified\":\"2019-03-22T18:02:01+00:00\",\"description\":\"Universidad Aut\u00f3noma de Nuevo Le\u00f3n\",\"breadcrumb\":{\"@id\":\"https:\/\/www.uanl.mx\/en\/sabinas-hidalgo-campus\/#breadcrumb\"},\"inLanguage\":\"en-US\",\"potentialAction\":[{\"@type\":\"ReadAction\",\"target\":[\"https:\/\/www.uanl.mx\/en\/sabinas-hidalgo-campus\/\"]}]},{\"@type\":\"ImageObject\",\"inLanguage\":\"en-US\",\"@id\":\"https:\/\/www.uanl.mx\/en\/sabinas-hidalgo-campus\/#primaryimage\",\"url\":\"https:\/\/www.uanl.mx\/wp-content\/uploads\/2019\/03\/Campus-Sabinas.jpg\",\"contentUrl\":\"https:\/\/www.uanl.mx\/wp-content\/uploads\/2019\/03\/Campus-Sabinas.jpg\"},{\"@type\":\"BreadcrumbList\",\"@id\":\"https:\/\/www.uanl.mx\/en\/sabinas-hidalgo-campus\/#breadcrumb\",\"itemListElement\":[{\"@type\":\"ListItem\",\"position\":1,\"name\":\"Home\",\"item\":\"https:\/\/www.uanl.mx\/en\/\"},{\"@type\":\"ListItem\",\"position\":2,\"name\":\"Sabinas Hidalgo Campus\"}]},{\"@type\":\"WebSite\",\"@id\":\"https:\/\/www.uanl.mx\/en\/#website\",\"url\":\"https:\/\/www.uanl.mx\/en\/\",\"name\":\"Universidad Aut\u00f3noma de Nuevo Le\u00f3n\",\"description\":\"UANL\",\"publisher\":{\"@id\":\"https:\/\/www.uanl.mx\/en\/#organization\"},\"potentialAction\":[{\"@type\":\"SearchAction\",\"target\":{\"@type\":\"EntryPoint\",\"urlTemplate\":\"https:\/\/www.uanl.mx\/en\/?s={search_term_string}\"},\"query-input\":{\"@type\":\"PropertyValueSpecification\",\"valueRequired\":true,\"valueName\":\"search_term_string\"}}],\"inLanguage\":\"en-US\"},{\"@type\":\"Organization\",\"@id\":\"https:\/\/www.uanl.mx\/en\/#organization\",\"name\":\"UANL - Universidad Aut\u00f3noma de Nuevo Le\u00f3n\",\"url\":\"https:\/\/www.uanl.mx\/en\/\",\"logo\":{\"@type\":\"ImageObject\",\"inLanguage\":\"en-US\",\"@id\":\"https:\/\/www.uanl.mx\/en\/#\/schema\/logo\/image\/\",\"url\":\"https:\/\/www.uanl.mx\/wp-content\/uploads\/2019\/03\/uanl.jpg\",\"contentUrl\":\"https:\/\/www.uanl.mx\/wp-content\/uploads\/2019\/03\/uanl.jpg\",\"width\":200,\"height\":91,\"caption\":\"UANL - Universidad Aut\u00f3noma de Nuevo Le\u00f3n\"},\"image\":{\"@id\":\"https:\/\/www.uanl.mx\/en\/#\/schema\/logo\/image\/\"},\"sameAs\":[\"https:\/\/www.facebook.com\/uanlred\/\",\"https:\/\/x.com\/uanl\"]}]}<\/script>\n<!-- \/ Yoast SEO Premium plugin. -->","yoast_head_json":{"title":"Sabinas Hidalgo Campus - Universidad Aut\u00f3noma de Nuevo Le\u00f3n","description":"Universidad Aut\u00f3noma de Nuevo Le\u00f3n","robots":{"index":"index","follow":"follow","max-snippet":"max-snippet:-1","max-image-preview":"max-image-preview:large","max-video-preview":"max-video-preview:-1"},"canonical":"https:\/\/www.uanl.mx\/en\/sabinas-hidalgo-campus\/","og_locale":"en_US","og_type":"article","og_title":"Sabinas Hidalgo Campus","og_description":"Universidad Aut\u00f3noma de Nuevo Le\u00f3n","og_url":"https:\/\/www.uanl.mx\/en\/sabinas-hidalgo-campus\/","og_site_name":"Universidad Aut\u00f3noma de Nuevo Le\u00f3n","article_publisher":"https:\/\/www.facebook.com\/uanlred\/","article_modified_time":"2019-03-22T18:02:01+00:00","og_image":[{"url":"https:\/\/www.uanl.mx\/wp-content\/uploads\/2019\/03\/Campus-Sabinas.jpg","type":"","width":"","height":""}],"twitter_card":"summary_large_image","twitter_site":"@uanl","schema":{"@context":"https:\/\/schema.org","@graph":[{"@type":"WebPage","@id":"https:\/\/www.uanl.mx\/en\/sabinas-hidalgo-campus\/","url":"https:\/\/www.uanl.mx\/en\/sabinas-hidalgo-campus\/","name":"Sabinas Hidalgo Campus - Universidad Aut\u00f3noma de Nuevo Le\u00f3n","isPartOf":{"@id":"https:\/\/www.uanl.mx\/en\/#website"},"primaryImageOfPage":{"@id":"https:\/\/www.uanl.mx\/en\/sabinas-hidalgo-campus\/#primaryimage"},"image":{"@id":"https:\/\/www.uanl.mx\/en\/sabinas-hidalgo-campus\/#primaryimage"},"thumbnailUrl":"https:\/\/www.uanl.mx\/wp-content\/uploads\/2019\/03\/Campus-Sabinas.jpg","datePublished":"2018-09-26T18:42:16+00:00","dateModified":"2019-03-22T18:02:01+00:00","description":"Universidad Aut\u00f3noma de Nuevo Le\u00f3n","breadcrumb":{"@id":"https:\/\/www.uanl.mx\/en\/sabinas-hidalgo-campus\/#breadcrumb"},"inLanguage":"en-US","potentialAction":[{"@type":"ReadAction","target":["https:\/\/www.uanl.mx\/en\/sabinas-hidalgo-campus\/"]}]},{"@type":"ImageObject","inLanguage":"en-US","@id":"https:\/\/www.uanl.mx\/en\/sabinas-hidalgo-campus\/#primaryimage","url":"https:\/\/www.uanl.mx\/wp-content\/uploads\/2019\/03\/Campus-Sabinas.jpg","contentUrl":"https:\/\/www.uanl.mx\/wp-content\/uploads\/2019\/03\/Campus-Sabinas.jpg"},{"@type":"BreadcrumbList","@id":"https:\/\/www.uanl.mx\/en\/sabinas-hidalgo-campus\/#breadcrumb","itemListElement":[{"@type":"ListItem","position":1,"name":"Home","item":"https:\/\/www.uanl.mx\/en\/"},{"@type":"ListItem","position":2,"name":"Sabinas Hidalgo Campus"}]},{"@type":"WebSite","@id":"https:\/\/www.uanl.mx\/en\/#website","url":"https:\/\/www.uanl.mx\/en\/","name":"Universidad Aut\u00f3noma de Nuevo Le\u00f3n","description":"UANL","publisher":{"@id":"https:\/\/www.uanl.mx\/en\/#organization"},"potentialAction":[{"@type":"SearchAction","target":{"@type":"EntryPoint","urlTemplate":"https:\/\/www.uanl.mx\/en\/?s={search_term_string}"},"query-input":{"@type":"PropertyValueSpecification","valueRequired":true,"valueName":"search_term_string"}}],"inLanguage":"en-US"},{"@type":"Organization","@id":"https:\/\/www.uanl.mx\/en\/#organization","name":"UANL - Universidad Aut\u00f3noma de Nuevo Le\u00f3n","url":"https:\/\/www.uanl.mx\/en\/","logo":{"@type":"ImageObject","inLanguage":"en-US","@id":"https:\/\/www.uanl.mx\/en\/#\/schema\/logo\/image\/","url":"https:\/\/www.uanl.mx\/wp-content\/uploads\/2019\/03\/uanl.jpg","contentUrl":"https:\/\/www.uanl.mx\/wp-content\/uploads\/2019\/03\/uanl.jpg","width":200,"height":91,"caption":"UANL - Universidad Aut\u00f3noma de Nuevo Le\u00f3n"},"image":{"@id":"https:\/\/www.uanl.mx\/en\/#\/schema\/logo\/image\/"},"sameAs":["https:\/\/www.facebook.com\/uanlred\/","https:\/\/x.com\/uanl"]}]}},"_links":{"self":[{"href":"https:\/\/www.uanl.mx\/en\/wp-json\/wp\/v2\/pages\/41144","targetHints":{"allow":["GET"]}}],"collection":[{"href":"https:\/\/www.uanl.mx\/en\/wp-json\/wp\/v2\/pages"}],"about":[{"href":"https:\/\/www.uanl.mx\/en\/wp-json\/wp\/v2\/types\/page"}],"author":[{"embeddable":true,"href":"https:\/\/www.uanl.mx\/en\/wp-json\/wp\/v2\/users\/2"}],"replies":[{"embeddable":true,"href":"https:\/\/www.uanl.mx\/en\/wp-json\/wp\/v2\/comments?post=41144"}],"version-history":[{"count":2,"href":"https:\/\/www.uanl.mx\/en\/wp-json\/wp\/v2\/pages\/41144\/revisions"}],"predecessor-version":[{"id":41150,"href":"https:\/\/www.uanl.mx\/en\/wp-json\/wp\/v2\/pages\/41144\/revisions\/41150"}],"up":[{"embeddable":true,"href":"https:\/\/www.uanl.mx\/en\/wp-json\/wp\/v2\/pages\/38008"}],"wp:attachment":[{"href":"https:\/\/www.uanl.mx\/en\/wp-json\/wp\/v2\/media?parent=41144"}],"wp:term":[{"taxonomy":"post_tag","embeddable":true,"href":"https:\/\/www.uanl.mx\/en\/wp-json\/wp\/v2\/tags?post=41144"}],"curies":[{"name":"wp","href":"https:\/\/api.w.org\/{rel}","templated":true}]}}