{"id":41131,"date":"2018-09-26T18:41:23","date_gmt":"2018-09-26T18:41:23","guid":{"rendered":"https:\/\/www.uanl.mx\/campus-linares\/"},"modified":"2019-03-22T11:38:26","modified_gmt":"2019-03-22T17:38:26","slug":"linares-campus","status":"publish","type":"page","link":"https:\/\/www.uanl.mx\/en\/campuses\/linares-campus\/","title":{"rendered":"Linares Campus"},"content":{"rendered":"<p><img loading=\"lazy\" decoding=\"async\" class=\"alignnone size-full wp-image-36570\" src=\"https:\/\/www.uanl.mx\/wp-content\/uploads\/2019\/03\/unidad-academica-linares-uanl.jpg\" alt=\"Unidad acad\u00e9mica linares UANL\" width=\"1000\" height=\"667\" \/><\/p>\n<p>&nbsp;<\/p>\n<p>With a size of 9544.39 acres, the Linares campus is located in southern Nuevo Leon. It houses the schools of Earth Sciences and Forestry, the High School No. 4, and the Iturbide Experimental Section.<\/p>\n<p>Moreover, it holds the extensions of the following schools:<\/p>\n<ul>\n<li>Accounting and Business Management<\/li>\n<li>Law and Criminology<\/li>\n<li>Philosophy and Literature<\/li>\n<li>Physical Education<\/li>\n<li>Mechanical and Electrical Engineering<\/li>\n<li>Nursing<\/li>\n<li>Alvaro Obregon Industrial and Technical High School<\/li>\n<\/ul>\n<p>&nbsp;<\/p>\n<p><iframe loading=\"lazy\" style=\"border: 0;\" src=\"https:\/\/www.google.com\/maps\/embed?pb=!1m16!1m12!1m3!1d4518.300324491619!2d-99.58372272026686!3d24.88178786218486!2m3!1f0!2f0!3f0!3m2!1i1024!2i768!4f13.1!2m1!1sCampus+Linares+UANL!5e0!3m2!1ses-419!2smx!4v1552659146576\" width=\"100%\" height=\"450\" frameborder=\"0\" allowfullscreen=\"allowfullscreen\"><\/iframe><\/p>\n","protected":false},"excerpt":{"rendered":"<p>&nbsp; With a size of 9544.39 acres, the Linares campus is located in southern Nuevo Leon. It houses the schools of Earth Sciences and Forestry, the High School No. 4, and the Iturbide Experimental Section. Moreover, it holds the extensions of the following schools: Accounting and Business Management Law and Criminology Philosophy and Literature Physical [&hellip;]<\/p>\n","protected":false},"author":2,"featured_media":0,"parent":38008,"menu_order":0,"comment_status":"closed","ping_status":"closed","template":"page-templates\/template_contenido_estandar_page.php","meta":{"_acf_changed":false,"footnotes":""},"tags":[],"class_list":["post-41131","page","type-page","status-publish","hentry"],"acf":[],"yoast_head":"<!-- This site is optimized with the Yoast SEO Premium plugin v24.1 (Yoast SEO v24.8.1) - https:\/\/yoast.com\/wordpress\/plugins\/seo\/ -->\n<title>Linares Campus - Universidad Aut\u00f3noma de Nuevo Le\u00f3n<\/title>\n<meta name=\"description\" content=\"Universidad Aut\u00f3noma de Nuevo Le\u00f3n\" \/>\n<meta name=\"robots\" content=\"index, follow, max-snippet:-1, max-image-preview:large, max-video-preview:-1\" \/>\n<link rel=\"canonical\" href=\"https:\/\/www.uanl.mx\/en\/linares-campus\/\" \/>\n<meta property=\"og:locale\" content=\"en_US\" \/>\n<meta property=\"og:type\" content=\"article\" \/>\n<meta property=\"og:title\" content=\"Linares Campus\" \/>\n<meta property=\"og:description\" content=\"Universidad Aut\u00f3noma de Nuevo Le\u00f3n\" \/>\n<meta property=\"og:url\" content=\"https:\/\/www.uanl.mx\/en\/linares-campus\/\" \/>\n<meta property=\"og:site_name\" content=\"Universidad Aut\u00f3noma de Nuevo Le\u00f3n\" \/>\n<meta property=\"article:publisher\" content=\"https:\/\/www.facebook.com\/uanlred\/\" \/>\n<meta property=\"article:modified_time\" content=\"2019-03-22T17:38:26+00:00\" \/>\n<meta property=\"og:image\" content=\"https:\/\/www.uanl.mx\/wp-content\/uploads\/2019\/03\/unidad-academica-linares-uanl.jpg\" \/>\n<meta name=\"twitter:card\" content=\"summary_large_image\" \/>\n<meta name=\"twitter:site\" content=\"@uanl\" \/>\n<script type=\"application\/ld+json\" class=\"yoast-schema-graph\">{\"@context\":\"https:\/\/schema.org\",\"@graph\":[{\"@type\":\"WebPage\",\"@id\":\"https:\/\/www.uanl.mx\/en\/linares-campus\/\",\"url\":\"https:\/\/www.uanl.mx\/en\/linares-campus\/\",\"name\":\"Linares Campus - Universidad Aut\u00f3noma de Nuevo Le\u00f3n\",\"isPartOf\":{\"@id\":\"https:\/\/www.uanl.mx\/en\/#website\"},\"primaryImageOfPage\":{\"@id\":\"https:\/\/www.uanl.mx\/en\/linares-campus\/#primaryimage\"},\"image\":{\"@id\":\"https:\/\/www.uanl.mx\/en\/linares-campus\/#primaryimage\"},\"thumbnailUrl\":\"https:\/\/www.uanl.mx\/wp-content\/uploads\/2019\/03\/unidad-academica-linares-uanl.jpg\",\"datePublished\":\"2018-09-26T18:41:23+00:00\",\"dateModified\":\"2019-03-22T17:38:26+00:00\",\"description\":\"Universidad Aut\u00f3noma de Nuevo Le\u00f3n\",\"breadcrumb\":{\"@id\":\"https:\/\/www.uanl.mx\/en\/linares-campus\/#breadcrumb\"},\"inLanguage\":\"en-US\",\"potentialAction\":[{\"@type\":\"ReadAction\",\"target\":[\"https:\/\/www.uanl.mx\/en\/linares-campus\/\"]}]},{\"@type\":\"ImageObject\",\"inLanguage\":\"en-US\",\"@id\":\"https:\/\/www.uanl.mx\/en\/linares-campus\/#primaryimage\",\"url\":\"https:\/\/www.uanl.mx\/wp-content\/uploads\/2019\/03\/unidad-academica-linares-uanl.jpg\",\"contentUrl\":\"https:\/\/www.uanl.mx\/wp-content\/uploads\/2019\/03\/unidad-academica-linares-uanl.jpg\"},{\"@type\":\"BreadcrumbList\",\"@id\":\"https:\/\/www.uanl.mx\/en\/linares-campus\/#breadcrumb\",\"itemListElement\":[{\"@type\":\"ListItem\",\"position\":1,\"name\":\"Home\",\"item\":\"https:\/\/www.uanl.mx\/en\/\"},{\"@type\":\"ListItem\",\"position\":2,\"name\":\"Linares Campus\"}]},{\"@type\":\"WebSite\",\"@id\":\"https:\/\/www.uanl.mx\/en\/#website\",\"url\":\"https:\/\/www.uanl.mx\/en\/\",\"name\":\"Universidad Aut\u00f3noma de Nuevo Le\u00f3n\",\"description\":\"UANL\",\"publisher\":{\"@id\":\"https:\/\/www.uanl.mx\/en\/#organization\"},\"potentialAction\":[{\"@type\":\"SearchAction\",\"target\":{\"@type\":\"EntryPoint\",\"urlTemplate\":\"https:\/\/www.uanl.mx\/en\/?s={search_term_string}\"},\"query-input\":{\"@type\":\"PropertyValueSpecification\",\"valueRequired\":true,\"valueName\":\"search_term_string\"}}],\"inLanguage\":\"en-US\"},{\"@type\":\"Organization\",\"@id\":\"https:\/\/www.uanl.mx\/en\/#organization\",\"name\":\"UANL - Universidad Aut\u00f3noma de Nuevo Le\u00f3n\",\"url\":\"https:\/\/www.uanl.mx\/en\/\",\"logo\":{\"@type\":\"ImageObject\",\"inLanguage\":\"en-US\",\"@id\":\"https:\/\/www.uanl.mx\/en\/#\/schema\/logo\/image\/\",\"url\":\"https:\/\/www.uanl.mx\/wp-content\/uploads\/2019\/03\/uanl.jpg\",\"contentUrl\":\"https:\/\/www.uanl.mx\/wp-content\/uploads\/2019\/03\/uanl.jpg\",\"width\":200,\"height\":91,\"caption\":\"UANL - Universidad Aut\u00f3noma de Nuevo Le\u00f3n\"},\"image\":{\"@id\":\"https:\/\/www.uanl.mx\/en\/#\/schema\/logo\/image\/\"},\"sameAs\":[\"https:\/\/www.facebook.com\/uanlred\/\",\"https:\/\/x.com\/uanl\"]}]}<\/script>\n<!-- \/ Yoast SEO Premium plugin. -->","yoast_head_json":{"title":"Linares Campus - Universidad Aut\u00f3noma de Nuevo Le\u00f3n","description":"Universidad Aut\u00f3noma de Nuevo Le\u00f3n","robots":{"index":"index","follow":"follow","max-snippet":"max-snippet:-1","max-image-preview":"max-image-preview:large","max-video-preview":"max-video-preview:-1"},"canonical":"https:\/\/www.uanl.mx\/en\/linares-campus\/","og_locale":"en_US","og_type":"article","og_title":"Linares Campus","og_description":"Universidad Aut\u00f3noma de Nuevo Le\u00f3n","og_url":"https:\/\/www.uanl.mx\/en\/linares-campus\/","og_site_name":"Universidad Aut\u00f3noma de Nuevo Le\u00f3n","article_publisher":"https:\/\/www.facebook.com\/uanlred\/","article_modified_time":"2019-03-22T17:38:26+00:00","og_image":[{"url":"https:\/\/www.uanl.mx\/wp-content\/uploads\/2019\/03\/unidad-academica-linares-uanl.jpg","type":"","width":"","height":""}],"twitter_card":"summary_large_image","twitter_site":"@uanl","schema":{"@context":"https:\/\/schema.org","@graph":[{"@type":"WebPage","@id":"https:\/\/www.uanl.mx\/en\/linares-campus\/","url":"https:\/\/www.uanl.mx\/en\/linares-campus\/","name":"Linares Campus - Universidad Aut\u00f3noma de Nuevo Le\u00f3n","isPartOf":{"@id":"https:\/\/www.uanl.mx\/en\/#website"},"primaryImageOfPage":{"@id":"https:\/\/www.uanl.mx\/en\/linares-campus\/#primaryimage"},"image":{"@id":"https:\/\/www.uanl.mx\/en\/linares-campus\/#primaryimage"},"thumbnailUrl":"https:\/\/www.uanl.mx\/wp-content\/uploads\/2019\/03\/unidad-academica-linares-uanl.jpg","datePublished":"2018-09-26T18:41:23+00:00","dateModified":"2019-03-22T17:38:26+00:00","description":"Universidad Aut\u00f3noma de Nuevo Le\u00f3n","breadcrumb":{"@id":"https:\/\/www.uanl.mx\/en\/linares-campus\/#breadcrumb"},"inLanguage":"en-US","potentialAction":[{"@type":"ReadAction","target":["https:\/\/www.uanl.mx\/en\/linares-campus\/"]}]},{"@type":"ImageObject","inLanguage":"en-US","@id":"https:\/\/www.uanl.mx\/en\/linares-campus\/#primaryimage","url":"https:\/\/www.uanl.mx\/wp-content\/uploads\/2019\/03\/unidad-academica-linares-uanl.jpg","contentUrl":"https:\/\/www.uanl.mx\/wp-content\/uploads\/2019\/03\/unidad-academica-linares-uanl.jpg"},{"@type":"BreadcrumbList","@id":"https:\/\/www.uanl.mx\/en\/linares-campus\/#breadcrumb","itemListElement":[{"@type":"ListItem","position":1,"name":"Home","item":"https:\/\/www.uanl.mx\/en\/"},{"@type":"ListItem","position":2,"name":"Linares Campus"}]},{"@type":"WebSite","@id":"https:\/\/www.uanl.mx\/en\/#website","url":"https:\/\/www.uanl.mx\/en\/","name":"Universidad Aut\u00f3noma de Nuevo Le\u00f3n","description":"UANL","publisher":{"@id":"https:\/\/www.uanl.mx\/en\/#organization"},"potentialAction":[{"@type":"SearchAction","target":{"@type":"EntryPoint","urlTemplate":"https:\/\/www.uanl.mx\/en\/?s={search_term_string}"},"query-input":{"@type":"PropertyValueSpecification","valueRequired":true,"valueName":"search_term_string"}}],"inLanguage":"en-US"},{"@type":"Organization","@id":"https:\/\/www.uanl.mx\/en\/#organization","name":"UANL - Universidad Aut\u00f3noma de Nuevo Le\u00f3n","url":"https:\/\/www.uanl.mx\/en\/","logo":{"@type":"ImageObject","inLanguage":"en-US","@id":"https:\/\/www.uanl.mx\/en\/#\/schema\/logo\/image\/","url":"https:\/\/www.uanl.mx\/wp-content\/uploads\/2019\/03\/uanl.jpg","contentUrl":"https:\/\/www.uanl.mx\/wp-content\/uploads\/2019\/03\/uanl.jpg","width":200,"height":91,"caption":"UANL - Universidad Aut\u00f3noma de Nuevo Le\u00f3n"},"image":{"@id":"https:\/\/www.uanl.mx\/en\/#\/schema\/logo\/image\/"},"sameAs":["https:\/\/www.facebook.com\/uanlred\/","https:\/\/x.com\/uanl"]}]}},"_links":{"self":[{"href":"https:\/\/www.uanl.mx\/en\/wp-json\/wp\/v2\/pages\/41131","targetHints":{"allow":["GET"]}}],"collection":[{"href":"https:\/\/www.uanl.mx\/en\/wp-json\/wp\/v2\/pages"}],"about":[{"href":"https:\/\/www.uanl.mx\/en\/wp-json\/wp\/v2\/types\/page"}],"author":[{"embeddable":true,"href":"https:\/\/www.uanl.mx\/en\/wp-json\/wp\/v2\/users\/2"}],"replies":[{"embeddable":true,"href":"https:\/\/www.uanl.mx\/en\/wp-json\/wp\/v2\/comments?post=41131"}],"version-history":[{"count":4,"href":"https:\/\/www.uanl.mx\/en\/wp-json\/wp\/v2\/pages\/41131\/revisions"}],"predecessor-version":[{"id":41138,"href":"https:\/\/www.uanl.mx\/en\/wp-json\/wp\/v2\/pages\/41131\/revisions\/41138"}],"up":[{"embeddable":true,"href":"https:\/\/www.uanl.mx\/en\/wp-json\/wp\/v2\/pages\/38008"}],"wp:attachment":[{"href":"https:\/\/www.uanl.mx\/en\/wp-json\/wp\/v2\/media?parent=41131"}],"wp:term":[{"taxonomy":"post_tag","embeddable":true,"href":"https:\/\/www.uanl.mx\/en\/wp-json\/wp\/v2\/tags?post=41131"}],"curies":[{"name":"wp","href":"https:\/\/api.w.org\/{rel}","templated":true}]}}