{"id":41117,"date":"2018-09-26T18:37:53","date_gmt":"2018-09-26T18:37:53","guid":{"rendered":"https:\/\/www.uanl.mx\/campus-ciencias-de-la-salud\/"},"modified":"2019-03-22T10:48:46","modified_gmt":"2019-03-22T16:48:46","slug":"health-sciences-campus","status":"publish","type":"page","link":"https:\/\/www.uanl.mx\/en\/health-sciences-campus\/","title":{"rendered":"Health Sciences Campus"},"content":{"rendered":"<p><img loading=\"lazy\" decoding=\"async\" class=\"alignnone size-full wp-image-35785\" src=\"https:\/\/www.uanl.mx\/wp-content\/uploads\/2019\/02\/campus-ciencias-salud.jpg\" alt=\"campus ciencias de la salud UANL\" width=\"1000\" height=\"561\" \/><\/p>\n<p>&nbsp;<\/p>\n<p>The health sciences campus is located 15 minutes west of the Main Campus and has a size of 72.11 acres. It is made up of the schools of Dentistry, Medicine, Nursing, Psychology, and Public Health and Nutrition. It also houses the prestigious Dr. Jose Eleuterio Gonzalez University Hospital and a specialized library.<\/p>\n<p>Additionally, it boasts the Center for Research and Development in Health Sciences, the University Health Center, and the Department of Health Services.<\/p>\n<p>&nbsp;<\/p>\n<p><iframe loading=\"lazy\" style=\"border: 0;\" src=\"https:\/\/www.google.com\/maps\/embed?pb=!1m18!1m12!1m3!1d3595.3862027381956!2d-100.35057468426574!3d25.691634117765854!2m3!1f0!2f0!3f0!3m2!1i1024!2i768!4f13.1!3m3!1m2!1s0x866295e1e562ab4f%3A0x54372e4c5276224a!2sUANL+Health+Sciences+Campus!5e0!3m2!1sen!2smx!4v1544137697999\" width=\"100%\" height=\"450\" frameborder=\"0\" allowfullscreen=\"allowfullscreen\"><span data-mce-type=\"bookmark\" style=\"display: inline-block; width: 0px; overflow: hidden; line-height: 0;\" class=\"mce_SELRES_start\">\ufeff<\/span><\/iframe><\/p>\n","protected":false},"excerpt":{"rendered":"<p>&nbsp; The health sciences campus is located 15 minutes west of the Main Campus and has a size of 72.11 acres. It is made up of the schools of Dentistry, Medicine, Nursing, Psychology, and Public Health and Nutrition. It also houses the prestigious Dr. Jose Eleuterio Gonzalez University Hospital and a specialized library. Additionally, it [&hellip;]<\/p>\n","protected":false},"author":2,"featured_media":0,"parent":0,"menu_order":0,"comment_status":"closed","ping_status":"closed","template":"page-templates\/template_contenido_estandar_full_width.php","meta":{"_acf_changed":false,"footnotes":""},"tags":[],"class_list":["post-41117","page","type-page","status-publish","hentry"],"acf":[],"yoast_head":"<!-- This site is optimized with the Yoast SEO Premium plugin v24.1 (Yoast SEO v24.8.1) - https:\/\/yoast.com\/wordpress\/plugins\/seo\/ -->\n<title>Health Sciences Campus - Universidad Aut\u00f3noma de Nuevo Le\u00f3n<\/title>\n<meta name=\"description\" content=\"Universidad Aut\u00f3noma de Nuevo Le\u00f3n\" \/>\n<meta name=\"robots\" content=\"index, follow, max-snippet:-1, max-image-preview:large, max-video-preview:-1\" \/>\n<link rel=\"canonical\" href=\"https:\/\/www.uanl.mx\/en\/health-sciences-campus\/\" \/>\n<meta property=\"og:locale\" content=\"en_US\" \/>\n<meta property=\"og:type\" content=\"article\" \/>\n<meta property=\"og:title\" content=\"Health Sciences Campus\" \/>\n<meta property=\"og:description\" content=\"Universidad Aut\u00f3noma de Nuevo Le\u00f3n\" \/>\n<meta property=\"og:url\" content=\"https:\/\/www.uanl.mx\/en\/health-sciences-campus\/\" \/>\n<meta property=\"og:site_name\" content=\"Universidad Aut\u00f3noma de Nuevo Le\u00f3n\" \/>\n<meta property=\"article:publisher\" content=\"https:\/\/www.facebook.com\/uanlred\/\" \/>\n<meta property=\"article:modified_time\" content=\"2019-03-22T16:48:46+00:00\" \/>\n<meta property=\"og:image\" content=\"https:\/\/www.uanl.mx\/wp-content\/uploads\/2019\/02\/campus-ciencias-salud.jpg\" \/>\n<meta name=\"twitter:card\" content=\"summary_large_image\" \/>\n<meta name=\"twitter:site\" content=\"@uanl\" \/>\n<script type=\"application\/ld+json\" class=\"yoast-schema-graph\">{\"@context\":\"https:\/\/schema.org\",\"@graph\":[{\"@type\":\"WebPage\",\"@id\":\"https:\/\/www.uanl.mx\/en\/health-sciences-campus\/\",\"url\":\"https:\/\/www.uanl.mx\/en\/health-sciences-campus\/\",\"name\":\"Health Sciences Campus - Universidad Aut\u00f3noma de Nuevo Le\u00f3n\",\"isPartOf\":{\"@id\":\"https:\/\/www.uanl.mx\/en\/#website\"},\"primaryImageOfPage\":{\"@id\":\"https:\/\/www.uanl.mx\/en\/health-sciences-campus\/#primaryimage\"},\"image\":{\"@id\":\"https:\/\/www.uanl.mx\/en\/health-sciences-campus\/#primaryimage\"},\"thumbnailUrl\":\"https:\/\/www.uanl.mx\/wp-content\/uploads\/2019\/02\/campus-ciencias-salud.jpg\",\"datePublished\":\"2018-09-26T18:37:53+00:00\",\"dateModified\":\"2019-03-22T16:48:46+00:00\",\"description\":\"Universidad Aut\u00f3noma de Nuevo Le\u00f3n\",\"breadcrumb\":{\"@id\":\"https:\/\/www.uanl.mx\/en\/health-sciences-campus\/#breadcrumb\"},\"inLanguage\":\"en-US\",\"potentialAction\":[{\"@type\":\"ReadAction\",\"target\":[\"https:\/\/www.uanl.mx\/en\/health-sciences-campus\/\"]}]},{\"@type\":\"ImageObject\",\"inLanguage\":\"en-US\",\"@id\":\"https:\/\/www.uanl.mx\/en\/health-sciences-campus\/#primaryimage\",\"url\":\"https:\/\/www.uanl.mx\/wp-content\/uploads\/2019\/02\/campus-ciencias-salud.jpg\",\"contentUrl\":\"https:\/\/www.uanl.mx\/wp-content\/uploads\/2019\/02\/campus-ciencias-salud.jpg\"},{\"@type\":\"BreadcrumbList\",\"@id\":\"https:\/\/www.uanl.mx\/en\/health-sciences-campus\/#breadcrumb\",\"itemListElement\":[{\"@type\":\"ListItem\",\"position\":1,\"name\":\"Home\",\"item\":\"https:\/\/www.uanl.mx\/en\/\"},{\"@type\":\"ListItem\",\"position\":2,\"name\":\"Health Sciences Campus\"}]},{\"@type\":\"WebSite\",\"@id\":\"https:\/\/www.uanl.mx\/en\/#website\",\"url\":\"https:\/\/www.uanl.mx\/en\/\",\"name\":\"Universidad Aut\u00f3noma de Nuevo Le\u00f3n\",\"description\":\"UANL\",\"publisher\":{\"@id\":\"https:\/\/www.uanl.mx\/en\/#organization\"},\"potentialAction\":[{\"@type\":\"SearchAction\",\"target\":{\"@type\":\"EntryPoint\",\"urlTemplate\":\"https:\/\/www.uanl.mx\/en\/?s={search_term_string}\"},\"query-input\":{\"@type\":\"PropertyValueSpecification\",\"valueRequired\":true,\"valueName\":\"search_term_string\"}}],\"inLanguage\":\"en-US\"},{\"@type\":\"Organization\",\"@id\":\"https:\/\/www.uanl.mx\/en\/#organization\",\"name\":\"UANL - Universidad Aut\u00f3noma de Nuevo Le\u00f3n\",\"url\":\"https:\/\/www.uanl.mx\/en\/\",\"logo\":{\"@type\":\"ImageObject\",\"inLanguage\":\"en-US\",\"@id\":\"https:\/\/www.uanl.mx\/en\/#\/schema\/logo\/image\/\",\"url\":\"https:\/\/www.uanl.mx\/wp-content\/uploads\/2019\/03\/uanl.jpg\",\"contentUrl\":\"https:\/\/www.uanl.mx\/wp-content\/uploads\/2019\/03\/uanl.jpg\",\"width\":200,\"height\":91,\"caption\":\"UANL - Universidad Aut\u00f3noma de Nuevo Le\u00f3n\"},\"image\":{\"@id\":\"https:\/\/www.uanl.mx\/en\/#\/schema\/logo\/image\/\"},\"sameAs\":[\"https:\/\/www.facebook.com\/uanlred\/\",\"https:\/\/x.com\/uanl\"]}]}<\/script>\n<!-- \/ Yoast SEO Premium plugin. -->","yoast_head_json":{"title":"Health Sciences Campus - Universidad Aut\u00f3noma de Nuevo Le\u00f3n","description":"Universidad Aut\u00f3noma de Nuevo Le\u00f3n","robots":{"index":"index","follow":"follow","max-snippet":"max-snippet:-1","max-image-preview":"max-image-preview:large","max-video-preview":"max-video-preview:-1"},"canonical":"https:\/\/www.uanl.mx\/en\/health-sciences-campus\/","og_locale":"en_US","og_type":"article","og_title":"Health Sciences Campus","og_description":"Universidad Aut\u00f3noma de Nuevo Le\u00f3n","og_url":"https:\/\/www.uanl.mx\/en\/health-sciences-campus\/","og_site_name":"Universidad Aut\u00f3noma de Nuevo Le\u00f3n","article_publisher":"https:\/\/www.facebook.com\/uanlred\/","article_modified_time":"2019-03-22T16:48:46+00:00","og_image":[{"url":"https:\/\/www.uanl.mx\/wp-content\/uploads\/2019\/02\/campus-ciencias-salud.jpg","type":"","width":"","height":""}],"twitter_card":"summary_large_image","twitter_site":"@uanl","schema":{"@context":"https:\/\/schema.org","@graph":[{"@type":"WebPage","@id":"https:\/\/www.uanl.mx\/en\/health-sciences-campus\/","url":"https:\/\/www.uanl.mx\/en\/health-sciences-campus\/","name":"Health Sciences Campus - Universidad Aut\u00f3noma de Nuevo Le\u00f3n","isPartOf":{"@id":"https:\/\/www.uanl.mx\/en\/#website"},"primaryImageOfPage":{"@id":"https:\/\/www.uanl.mx\/en\/health-sciences-campus\/#primaryimage"},"image":{"@id":"https:\/\/www.uanl.mx\/en\/health-sciences-campus\/#primaryimage"},"thumbnailUrl":"https:\/\/www.uanl.mx\/wp-content\/uploads\/2019\/02\/campus-ciencias-salud.jpg","datePublished":"2018-09-26T18:37:53+00:00","dateModified":"2019-03-22T16:48:46+00:00","description":"Universidad Aut\u00f3noma de Nuevo Le\u00f3n","breadcrumb":{"@id":"https:\/\/www.uanl.mx\/en\/health-sciences-campus\/#breadcrumb"},"inLanguage":"en-US","potentialAction":[{"@type":"ReadAction","target":["https:\/\/www.uanl.mx\/en\/health-sciences-campus\/"]}]},{"@type":"ImageObject","inLanguage":"en-US","@id":"https:\/\/www.uanl.mx\/en\/health-sciences-campus\/#primaryimage","url":"https:\/\/www.uanl.mx\/wp-content\/uploads\/2019\/02\/campus-ciencias-salud.jpg","contentUrl":"https:\/\/www.uanl.mx\/wp-content\/uploads\/2019\/02\/campus-ciencias-salud.jpg"},{"@type":"BreadcrumbList","@id":"https:\/\/www.uanl.mx\/en\/health-sciences-campus\/#breadcrumb","itemListElement":[{"@type":"ListItem","position":1,"name":"Home","item":"https:\/\/www.uanl.mx\/en\/"},{"@type":"ListItem","position":2,"name":"Health Sciences Campus"}]},{"@type":"WebSite","@id":"https:\/\/www.uanl.mx\/en\/#website","url":"https:\/\/www.uanl.mx\/en\/","name":"Universidad Aut\u00f3noma de Nuevo Le\u00f3n","description":"UANL","publisher":{"@id":"https:\/\/www.uanl.mx\/en\/#organization"},"potentialAction":[{"@type":"SearchAction","target":{"@type":"EntryPoint","urlTemplate":"https:\/\/www.uanl.mx\/en\/?s={search_term_string}"},"query-input":{"@type":"PropertyValueSpecification","valueRequired":true,"valueName":"search_term_string"}}],"inLanguage":"en-US"},{"@type":"Organization","@id":"https:\/\/www.uanl.mx\/en\/#organization","name":"UANL - Universidad Aut\u00f3noma de Nuevo Le\u00f3n","url":"https:\/\/www.uanl.mx\/en\/","logo":{"@type":"ImageObject","inLanguage":"en-US","@id":"https:\/\/www.uanl.mx\/en\/#\/schema\/logo\/image\/","url":"https:\/\/www.uanl.mx\/wp-content\/uploads\/2019\/03\/uanl.jpg","contentUrl":"https:\/\/www.uanl.mx\/wp-content\/uploads\/2019\/03\/uanl.jpg","width":200,"height":91,"caption":"UANL - Universidad Aut\u00f3noma de Nuevo Le\u00f3n"},"image":{"@id":"https:\/\/www.uanl.mx\/en\/#\/schema\/logo\/image\/"},"sameAs":["https:\/\/www.facebook.com\/uanlred\/","https:\/\/x.com\/uanl"]}]}},"_links":{"self":[{"href":"https:\/\/www.uanl.mx\/en\/wp-json\/wp\/v2\/pages\/41117","targetHints":{"allow":["GET"]}}],"collection":[{"href":"https:\/\/www.uanl.mx\/en\/wp-json\/wp\/v2\/pages"}],"about":[{"href":"https:\/\/www.uanl.mx\/en\/wp-json\/wp\/v2\/types\/page"}],"author":[{"embeddable":true,"href":"https:\/\/www.uanl.mx\/en\/wp-json\/wp\/v2\/users\/2"}],"replies":[{"embeddable":true,"href":"https:\/\/www.uanl.mx\/en\/wp-json\/wp\/v2\/comments?post=41117"}],"version-history":[{"count":2,"href":"https:\/\/www.uanl.mx\/en\/wp-json\/wp\/v2\/pages\/41117\/revisions"}],"predecessor-version":[{"id":41119,"href":"https:\/\/www.uanl.mx\/en\/wp-json\/wp\/v2\/pages\/41117\/revisions\/41119"}],"wp:attachment":[{"href":"https:\/\/www.uanl.mx\/en\/wp-json\/wp\/v2\/media?parent=41117"}],"wp:term":[{"taxonomy":"post_tag","embeddable":true,"href":"https:\/\/www.uanl.mx\/en\/wp-json\/wp\/v2\/tags?post=41117"}],"curies":[{"name":"wp","href":"https:\/\/api.w.org\/{rel}","templated":true}]}}