{"id":41072,"date":"2018-09-26T18:35:59","date_gmt":"2018-09-26T18:35:59","guid":{"rendered":"https:\/\/www.uanl.mx\/campus-ciudad-universitaria\/"},"modified":"2019-03-22T10:39:26","modified_gmt":"2019-03-22T16:39:26","slug":"main-campus","status":"publish","type":"page","link":"https:\/\/www.uanl.mx\/en\/main-campus\/","title":{"rendered":"Main Campus"},"content":{"rendered":"<p><img loading=\"lazy\" decoding=\"async\" class=\"size-full wp-image-33812 alignleft\" src=\"https:\/\/www.uanl.mx\/wp-content\/uploads\/2019\/02\/Campus-CU.jpg\" alt=\"Campus CU UANL vista a\u00e9rea\" width=\"1000\" height=\"562\" \/><\/p>\n<p>&nbsp;<\/p>\n<p>Located in San Nicolas de los Garza, the main campus of UANL covers an area of 233 acres. It houses the Central Administration Offices, the Office of the President, and 11 undergraduate schools:<\/p>\n<ul>\n<li>Social Work and Human Development<\/li>\n<li>Accounting and Business Management<\/li>\n<li>Philosophy and Literature<\/li>\n<li>Law and Criminology<\/li>\n<li>Architecture<\/li>\n<li>Mechanical and Electrical Engineering<\/li>\n<li>Civil Engineering<\/li>\n<li>Chemistry<\/li>\n<li>Physics and Mathematics<\/li>\n<li>Physical Education<\/li>\n<li>Biology.<\/li>\n<\/ul>\n<p>Additionally, UANL\u00a0 consists of 11 centers, 2 research institutes, and its two main libraries, Capilla Alfonsina and Raul Rangel Frias.<\/p>\n<p>In this campus you will also find sports facilities such as the University Stadium, the Gaspar Mass stadium, and the University Aquatic Olympic Center.<\/p>\n<p>&nbsp;<\/p>\n<p><iframe loading=\"lazy\" style=\"border: 0;\" src=\"https:\/\/www.google.com\/maps\/embed?pb=!1m18!1m12!1m3!1d28758.947359219044!2d-100.34806446995732!3d25.708780221702003!2m3!1f0!2f0!3f0!3m2!1i1024!2i768!4f13.1!3m3!1m2!1s0x8662945396e136af%3A0x742b1e8288ee57a8!2sUniversidad+Aut%C3%B3noma+de+Nuevo+Le%C3%B3n!5e0!3m2!1sen!2smx!4v1544137739582\" width=\"100%\" height=\"450\" frameborder=\"0\" allowfullscreen=\"allowfullscreen\"><\/iframe><\/p>\n","protected":false},"excerpt":{"rendered":"<p>&nbsp; Located in San Nicolas de los Garza, the main campus of UANL covers an area of 233 acres. It houses the Central Administration Offices, the Office of the President, and 11 undergraduate schools: Social Work and Human Development Accounting and Business Management Philosophy and Literature Law and Criminology Architecture Mechanical and Electrical Engineering Civil [&hellip;]<\/p>\n","protected":false},"author":2,"featured_media":0,"parent":0,"menu_order":0,"comment_status":"closed","ping_status":"closed","template":"page-templates\/template_contenido_estandar_full_width.php","meta":{"_acf_changed":false,"footnotes":""},"tags":[6147],"class_list":["post-41072","page","type-page","status-publish","hentry","tag-campus-ciudad-universitaria-uanl-en"],"acf":[],"yoast_head":"<!-- This site is optimized with the Yoast SEO Premium plugin v24.1 (Yoast SEO v24.8.1) - https:\/\/yoast.com\/wordpress\/plugins\/seo\/ -->\n<title>Main Campus - Universidad Aut\u00f3noma de Nuevo Le\u00f3n<\/title>\n<meta name=\"description\" content=\"El campus ciudad universitaria est\u00e1 ubicado en el municipio de San Nicol\u00e1s de los Garza, N.L. es el centro neur\u00e1lgico de la Universidad Aut\u00f3noma de Nuevo Le\u00f3n.\" \/>\n<meta name=\"robots\" content=\"index, follow, max-snippet:-1, max-image-preview:large, max-video-preview:-1\" \/>\n<link rel=\"canonical\" href=\"https:\/\/www.uanl.mx\/en\/main-campus\/\" \/>\n<meta property=\"og:locale\" content=\"en_US\" \/>\n<meta property=\"og:type\" content=\"article\" \/>\n<meta property=\"og:title\" content=\"Main Campus\" \/>\n<meta property=\"og:description\" content=\"El campus ciudad universitaria est\u00e1 ubicado en el municipio de San Nicol\u00e1s de los Garza, N.L. es el centro neur\u00e1lgico de la Universidad Aut\u00f3noma de Nuevo Le\u00f3n.\" \/>\n<meta property=\"og:url\" content=\"https:\/\/www.uanl.mx\/en\/main-campus\/\" \/>\n<meta property=\"og:site_name\" content=\"Universidad Aut\u00f3noma de Nuevo Le\u00f3n\" \/>\n<meta property=\"article:publisher\" content=\"https:\/\/www.facebook.com\/uanlred\/\" \/>\n<meta property=\"article:modified_time\" content=\"2019-03-22T16:39:26+00:00\" \/>\n<meta property=\"og:image\" content=\"https:\/\/www.uanl.mx\/wp-content\/uploads\/2019\/02\/Campus-CU.jpg\" \/>\n<meta name=\"twitter:card\" content=\"summary_large_image\" \/>\n<meta name=\"twitter:site\" content=\"@uanl\" \/>\n<meta name=\"twitter:label1\" content=\"Est. reading time\" \/>\n\t<meta name=\"twitter:data1\" content=\"1 minute\" \/>\n<script type=\"application\/ld+json\" class=\"yoast-schema-graph\">{\"@context\":\"https:\/\/schema.org\",\"@graph\":[{\"@type\":\"WebPage\",\"@id\":\"https:\/\/www.uanl.mx\/en\/main-campus\/\",\"url\":\"https:\/\/www.uanl.mx\/en\/main-campus\/\",\"name\":\"Main Campus - Universidad Aut\u00f3noma de Nuevo Le\u00f3n\",\"isPartOf\":{\"@id\":\"https:\/\/www.uanl.mx\/en\/#website\"},\"primaryImageOfPage\":{\"@id\":\"https:\/\/www.uanl.mx\/en\/main-campus\/#primaryimage\"},\"image\":{\"@id\":\"https:\/\/www.uanl.mx\/en\/main-campus\/#primaryimage\"},\"thumbnailUrl\":\"https:\/\/www.uanl.mx\/wp-content\/uploads\/2019\/02\/Campus-CU.jpg\",\"datePublished\":\"2018-09-26T18:35:59+00:00\",\"dateModified\":\"2019-03-22T16:39:26+00:00\",\"description\":\"El campus ciudad universitaria est\u00e1 ubicado en el municipio de San Nicol\u00e1s de los Garza, N.L. es el centro neur\u00e1lgico de la Universidad Aut\u00f3noma de Nuevo Le\u00f3n.\",\"breadcrumb\":{\"@id\":\"https:\/\/www.uanl.mx\/en\/main-campus\/#breadcrumb\"},\"inLanguage\":\"en-US\",\"potentialAction\":[{\"@type\":\"ReadAction\",\"target\":[\"https:\/\/www.uanl.mx\/en\/main-campus\/\"]}]},{\"@type\":\"ImageObject\",\"inLanguage\":\"en-US\",\"@id\":\"https:\/\/www.uanl.mx\/en\/main-campus\/#primaryimage\",\"url\":\"https:\/\/www.uanl.mx\/wp-content\/uploads\/2019\/02\/Campus-CU.jpg\",\"contentUrl\":\"https:\/\/www.uanl.mx\/wp-content\/uploads\/2019\/02\/Campus-CU.jpg\"},{\"@type\":\"BreadcrumbList\",\"@id\":\"https:\/\/www.uanl.mx\/en\/main-campus\/#breadcrumb\",\"itemListElement\":[{\"@type\":\"ListItem\",\"position\":1,\"name\":\"Home\",\"item\":\"https:\/\/www.uanl.mx\/en\/\"},{\"@type\":\"ListItem\",\"position\":2,\"name\":\"Main Campus\"}]},{\"@type\":\"WebSite\",\"@id\":\"https:\/\/www.uanl.mx\/en\/#website\",\"url\":\"https:\/\/www.uanl.mx\/en\/\",\"name\":\"Universidad Aut\u00f3noma de Nuevo Le\u00f3n\",\"description\":\"UANL\",\"publisher\":{\"@id\":\"https:\/\/www.uanl.mx\/en\/#organization\"},\"potentialAction\":[{\"@type\":\"SearchAction\",\"target\":{\"@type\":\"EntryPoint\",\"urlTemplate\":\"https:\/\/www.uanl.mx\/en\/?s={search_term_string}\"},\"query-input\":{\"@type\":\"PropertyValueSpecification\",\"valueRequired\":true,\"valueName\":\"search_term_string\"}}],\"inLanguage\":\"en-US\"},{\"@type\":\"Organization\",\"@id\":\"https:\/\/www.uanl.mx\/en\/#organization\",\"name\":\"UANL - Universidad Aut\u00f3noma de Nuevo Le\u00f3n\",\"url\":\"https:\/\/www.uanl.mx\/en\/\",\"logo\":{\"@type\":\"ImageObject\",\"inLanguage\":\"en-US\",\"@id\":\"https:\/\/www.uanl.mx\/en\/#\/schema\/logo\/image\/\",\"url\":\"https:\/\/www.uanl.mx\/wp-content\/uploads\/2019\/03\/uanl.jpg\",\"contentUrl\":\"https:\/\/www.uanl.mx\/wp-content\/uploads\/2019\/03\/uanl.jpg\",\"width\":200,\"height\":91,\"caption\":\"UANL - Universidad Aut\u00f3noma de Nuevo Le\u00f3n\"},\"image\":{\"@id\":\"https:\/\/www.uanl.mx\/en\/#\/schema\/logo\/image\/\"},\"sameAs\":[\"https:\/\/www.facebook.com\/uanlred\/\",\"https:\/\/x.com\/uanl\"]}]}<\/script>\n<!-- \/ Yoast SEO Premium plugin. -->","yoast_head_json":{"title":"Main Campus - Universidad Aut\u00f3noma de Nuevo Le\u00f3n","description":"El campus ciudad universitaria est\u00e1 ubicado en el municipio de San Nicol\u00e1s de los Garza, N.L. es el centro neur\u00e1lgico de la Universidad Aut\u00f3noma de Nuevo Le\u00f3n.","robots":{"index":"index","follow":"follow","max-snippet":"max-snippet:-1","max-image-preview":"max-image-preview:large","max-video-preview":"max-video-preview:-1"},"canonical":"https:\/\/www.uanl.mx\/en\/main-campus\/","og_locale":"en_US","og_type":"article","og_title":"Main Campus","og_description":"El campus ciudad universitaria est\u00e1 ubicado en el municipio de San Nicol\u00e1s de los Garza, N.L. es el centro neur\u00e1lgico de la Universidad Aut\u00f3noma de Nuevo Le\u00f3n.","og_url":"https:\/\/www.uanl.mx\/en\/main-campus\/","og_site_name":"Universidad Aut\u00f3noma de Nuevo Le\u00f3n","article_publisher":"https:\/\/www.facebook.com\/uanlred\/","article_modified_time":"2019-03-22T16:39:26+00:00","og_image":[{"url":"https:\/\/www.uanl.mx\/wp-content\/uploads\/2019\/02\/Campus-CU.jpg","type":"","width":"","height":""}],"twitter_card":"summary_large_image","twitter_site":"@uanl","twitter_misc":{"Est. reading time":"1 minute"},"schema":{"@context":"https:\/\/schema.org","@graph":[{"@type":"WebPage","@id":"https:\/\/www.uanl.mx\/en\/main-campus\/","url":"https:\/\/www.uanl.mx\/en\/main-campus\/","name":"Main Campus - Universidad Aut\u00f3noma de Nuevo Le\u00f3n","isPartOf":{"@id":"https:\/\/www.uanl.mx\/en\/#website"},"primaryImageOfPage":{"@id":"https:\/\/www.uanl.mx\/en\/main-campus\/#primaryimage"},"image":{"@id":"https:\/\/www.uanl.mx\/en\/main-campus\/#primaryimage"},"thumbnailUrl":"https:\/\/www.uanl.mx\/wp-content\/uploads\/2019\/02\/Campus-CU.jpg","datePublished":"2018-09-26T18:35:59+00:00","dateModified":"2019-03-22T16:39:26+00:00","description":"El campus ciudad universitaria est\u00e1 ubicado en el municipio de San Nicol\u00e1s de los Garza, N.L. es el centro neur\u00e1lgico de la Universidad Aut\u00f3noma de Nuevo Le\u00f3n.","breadcrumb":{"@id":"https:\/\/www.uanl.mx\/en\/main-campus\/#breadcrumb"},"inLanguage":"en-US","potentialAction":[{"@type":"ReadAction","target":["https:\/\/www.uanl.mx\/en\/main-campus\/"]}]},{"@type":"ImageObject","inLanguage":"en-US","@id":"https:\/\/www.uanl.mx\/en\/main-campus\/#primaryimage","url":"https:\/\/www.uanl.mx\/wp-content\/uploads\/2019\/02\/Campus-CU.jpg","contentUrl":"https:\/\/www.uanl.mx\/wp-content\/uploads\/2019\/02\/Campus-CU.jpg"},{"@type":"BreadcrumbList","@id":"https:\/\/www.uanl.mx\/en\/main-campus\/#breadcrumb","itemListElement":[{"@type":"ListItem","position":1,"name":"Home","item":"https:\/\/www.uanl.mx\/en\/"},{"@type":"ListItem","position":2,"name":"Main Campus"}]},{"@type":"WebSite","@id":"https:\/\/www.uanl.mx\/en\/#website","url":"https:\/\/www.uanl.mx\/en\/","name":"Universidad Aut\u00f3noma de Nuevo Le\u00f3n","description":"UANL","publisher":{"@id":"https:\/\/www.uanl.mx\/en\/#organization"},"potentialAction":[{"@type":"SearchAction","target":{"@type":"EntryPoint","urlTemplate":"https:\/\/www.uanl.mx\/en\/?s={search_term_string}"},"query-input":{"@type":"PropertyValueSpecification","valueRequired":true,"valueName":"search_term_string"}}],"inLanguage":"en-US"},{"@type":"Organization","@id":"https:\/\/www.uanl.mx\/en\/#organization","name":"UANL - Universidad Aut\u00f3noma de Nuevo Le\u00f3n","url":"https:\/\/www.uanl.mx\/en\/","logo":{"@type":"ImageObject","inLanguage":"en-US","@id":"https:\/\/www.uanl.mx\/en\/#\/schema\/logo\/image\/","url":"https:\/\/www.uanl.mx\/wp-content\/uploads\/2019\/03\/uanl.jpg","contentUrl":"https:\/\/www.uanl.mx\/wp-content\/uploads\/2019\/03\/uanl.jpg","width":200,"height":91,"caption":"UANL - Universidad Aut\u00f3noma de Nuevo Le\u00f3n"},"image":{"@id":"https:\/\/www.uanl.mx\/en\/#\/schema\/logo\/image\/"},"sameAs":["https:\/\/www.facebook.com\/uanlred\/","https:\/\/x.com\/uanl"]}]}},"_links":{"self":[{"href":"https:\/\/www.uanl.mx\/en\/wp-json\/wp\/v2\/pages\/41072","targetHints":{"allow":["GET"]}}],"collection":[{"href":"https:\/\/www.uanl.mx\/en\/wp-json\/wp\/v2\/pages"}],"about":[{"href":"https:\/\/www.uanl.mx\/en\/wp-json\/wp\/v2\/types\/page"}],"author":[{"embeddable":true,"href":"https:\/\/www.uanl.mx\/en\/wp-json\/wp\/v2\/users\/2"}],"replies":[{"embeddable":true,"href":"https:\/\/www.uanl.mx\/en\/wp-json\/wp\/v2\/comments?post=41072"}],"version-history":[{"count":6,"href":"https:\/\/www.uanl.mx\/en\/wp-json\/wp\/v2\/pages\/41072\/revisions"}],"predecessor-version":[{"id":41073,"href":"https:\/\/www.uanl.mx\/en\/wp-json\/wp\/v2\/pages\/41072\/revisions\/41073"}],"wp:attachment":[{"href":"https:\/\/www.uanl.mx\/en\/wp-json\/wp\/v2\/media?parent=41072"}],"wp:term":[{"taxonomy":"post_tag","embeddable":true,"href":"https:\/\/www.uanl.mx\/en\/wp-json\/wp\/v2\/tags?post=41072"}],"curies":[{"name":"wp","href":"https:\/\/api.w.org\/{rel}","templated":true}]}}