{"id":39103,"date":"2019-03-12T16:53:43","date_gmt":"2019-03-12T22:53:43","guid":{"rendered":"https:\/\/www.uanl.mx\/?page_id=39103"},"modified":"2019-03-25T15:08:13","modified_gmt":"2019-03-25T21:08:13","slug":"sports-facilities","status":"publish","type":"page","link":"https:\/\/www.uanl.mx\/en\/sports-facilities\/","title":{"rendered":"Sports Facilities"},"content":{"rendered":"<p>UANL students and community members have access to a great number of sports facilities located at our campuses.<\/p>\n<p>&nbsp;<\/p>\n<h3><strong>Gaspar Mass Stadium<\/strong><\/h3>\n<p><img loading=\"lazy\" decoding=\"async\" class=\"alignnone size-full wp-image-20350\" src=\"https:\/\/www.uanl.mx\/wp-content\/uploads\/2018\/12\/B.Deportes-Gaspar-Mass.jpg\" alt=\"Estadio Gaspar Mass\" width=\"689\" height=\"267\" \/><\/p>\n<p>Ciudad Universitaria s\/n. Ciudad Universitaria<br \/>\nSan Nicol\u00e1s de los Garza, Nuevo Le\u00f3n, M\u00e9xico<br \/>\nPhone: 1340-4355<br \/>\nFacility hours: 7:00 to 21:00<\/p>\n<p>&nbsp;<\/p>\n<h3><strong>Raymundo (Chico) Rivera Stadium<\/strong><\/h3>\n<p><img loading=\"lazy\" decoding=\"async\" class=\"alignnone size-full wp-image-20441\" src=\"https:\/\/www.uanl.mx\/wp-content\/uploads\/2018\/12\/B.Deportes-RaymundoChicoRivera.jpg\" alt=\"Estadio &quot;Raymundo Chico Rivera&quot;\" width=\"689\" height=\"267\" \/><\/p>\n<p>Av. Manuel L. Barrag\u00e1n s\/n. Ciudad Universitaria<br \/>\nSan Nicol\u00e1s de los Garza, Nuevo Le\u00f3n, M\u00e9xico<br \/>\nPhone: 1340-4355<br \/>\nFacility hours: 7:00 a 21:00<\/p>\n<p>&nbsp;<\/p>\n<h3><strong>UANL Tennis Center<\/strong><\/h3>\n<p>Ciudad Universitaria (Rectores st.) s\/n. Cd. Universitaria<br \/>\nSan Nicol\u00e1s de los Garza, Nuevo Le\u00f3n, M\u00e9xico<br \/>\nPhone: 1340-4355<br \/>\nFacility hours: 7:00 a 21:00<\/p>\n<p>&nbsp;<\/p>\n<h3><strong>Department of Athletics<\/strong><\/h3>\n<p><img loading=\"lazy\" decoding=\"async\" class=\"alignnone size-full wp-image-20352\" src=\"https:\/\/www.uanl.mx\/wp-content\/uploads\/2018\/12\/B.Deportes-ExplanadaDGD.jpg\" alt=\"Direcci\u00f3n de Deportes\" width=\"689\" height=\"267\" \/><\/p>\n<p>Ciudad Universitaria s\/n. Cd. Universitaria<br \/>\nSan Nicol\u00e1s de los Garza, Nuevo Le\u00f3n, M\u00e9xico<br \/>\nPhone: 1340-4355<br \/>\nFacility hours: 7:00 a 21:00<br \/>\no 2 soccer fields<br \/>\no 2 beach volleyball courts<br \/>\no Softball field<br \/>\no Indoor soccer field<br \/>\no Baseball field<br \/>\no 2 multipurpose courts<\/p>\n<p>&nbsp;<\/p>\n<h3><strong>University Aquatic Olympic Center<\/strong><\/h3>\n<p><img loading=\"lazy\" decoding=\"async\" class=\"alignnone size-full wp-image-20356\" src=\"https:\/\/www.uanl.mx\/wp-content\/uploads\/2018\/12\/B.Deportes-Centro-Acua\u0301tico-Oli\u0301mpico.jpg\" alt=\"Centro Acua\u0301tico Oli\u0301mpico Universitario\" width=\"689\" height=\"267\" \/><br \/>\nCiudad Universitaria s\/n. Cd. Universitaria C.P. 66451<br \/>\nSan Nicol\u00e1s de los Garza, Nuevo Le\u00f3n, M\u00e9xico<br \/>\nPhone: 8329-4000 Extensions: 1400, 1401 and 1408<br \/>\nEmail address: centroacuatico@uanl.mx<\/p>\n<p>&nbsp;<\/p>\n<h3><strong>Luis Eugenio Todd Gymnasium<\/strong><\/h3>\n<p>Ciudad Universitaria s\/n. Cd. Universitaria<br \/>\nSan Nicol\u00e1s de los Garza, Nuevo Le\u00f3n, M\u00e9xico<br \/>\nPhone: 1340-4355<br \/>\nFacility hours: 7:00 to 21:00<\/p>\n<p>&nbsp;<\/p>\n<h3><strong>Tigre Sports Center (Escobedo)<\/strong><\/h3>\n<p><img loading=\"lazy\" decoding=\"async\" class=\"alignnone size-full wp-image-20354\" src=\"https:\/\/www.uanl.mx\/wp-content\/uploads\/2018\/12\/B.Deportes-Polideportivo-Tigres-.jpg\" alt=\"Polideportivo Tigres\" width=\"689\" height=\"267\" \/><\/p>\n<p>General Francisco Villa s\/n,<br \/>\nEx Hacienda El Canad\u00e1, 66050<br \/>\nGeneral Escobedo, Nuevo Le\u00f3n<br \/>\nAgricultural Sciences Campus<br \/>\nPhone: 1340-4407 Extension: 3635<\/p>\n<p>&nbsp;<\/p>\n<h3><strong>Tigre Sports Center (Linares)<\/strong><\/h3>\n<p>Ju\u00e1rez y Pablo Salce<br \/>\nLinares, Nuevo Le\u00f3n<\/p>\n<p>&nbsp;<\/p>\n<h3><strong>Center for Faculty Physical Fitness (Mederos Campus)<\/strong><\/h3>\n<p>Unidad Mederos<br \/>\nMonterrey, Nuevo Le\u00f3n, M\u00e9xico<br \/>\nCampus Mederos<br \/>\nPhone: 8349-5964 and 8103-9673<br \/>\nFacility hours: 8:30 to 20:30<\/p>\n<p>&nbsp;<\/p>\n<h3><strong>Health Sciences Campus Gym<\/strong><\/h3>\n<p>Madero y Gonzalitos s\/n. Col. Mitras Centro<br \/>\nMonterrey, Nuevo Le\u00f3n, M\u00e9xico<br \/>\nPhone: 8333-9434 and 8347-5899<br \/>\nEmail address: gam@uanl.mx<br \/>\nFacility hours: 8:30 to 21:00<\/p>\n","protected":false},"excerpt":{"rendered":"<p>UANL students and community members have access to a great number of sports facilities located at our campuses. &nbsp; Gaspar Mass Stadium Ciudad Universitaria s\/n. Ciudad Universitaria San Nicol\u00e1s de los Garza, Nuevo Le\u00f3n, M\u00e9xico Phone: 1340-4355 Facility hours: 7:00 to 21:00 &nbsp; Raymundo (Chico) Rivera Stadium Av. Manuel L. Barrag\u00e1n s\/n. Ciudad Universitaria San [&hellip;]<\/p>\n","protected":false},"author":2,"featured_media":0,"parent":0,"menu_order":0,"comment_status":"closed","ping_status":"closed","template":"page-templates\/template_contenido_estandar_full_width.php","meta":{"_acf_changed":false,"footnotes":""},"tags":[6311,6317,6359,6313],"class_list":["post-39103","page","type-page","status-publish","hentry","tag-athletics","tag-sports","tag-stadium","tag-uanl-athletics"],"acf":[],"yoast_head":"<!-- This site is optimized with the Yoast SEO Premium plugin v24.1 (Yoast SEO v24.8.1) - https:\/\/yoast.com\/wordpress\/plugins\/seo\/ -->\n<title>Sports Facilities - Universidad Aut\u00f3noma de Nuevo Le\u00f3n<\/title>\n<meta name=\"description\" content=\"UANL students and community members have access to a great number of sports facilities located at our campuses. Service available to UANL Students.\" \/>\n<meta name=\"robots\" content=\"index, follow, max-snippet:-1, max-image-preview:large, max-video-preview:-1\" \/>\n<link rel=\"canonical\" href=\"https:\/\/www.uanl.mx\/en\/sports-facilities\/\" \/>\n<meta property=\"og:locale\" content=\"en_US\" \/>\n<meta property=\"og:type\" content=\"article\" \/>\n<meta property=\"og:title\" content=\"Sports Facilities\" \/>\n<meta property=\"og:description\" content=\"UANL students and community members have access to a great number of sports facilities located at our campuses. Service available to UANL Students.\" \/>\n<meta property=\"og:url\" content=\"https:\/\/www.uanl.mx\/en\/sports-facilities\/\" \/>\n<meta property=\"og:site_name\" content=\"Universidad Aut\u00f3noma de Nuevo Le\u00f3n\" \/>\n<meta property=\"article:publisher\" content=\"https:\/\/www.facebook.com\/uanlred\/\" \/>\n<meta property=\"article:modified_time\" content=\"2019-03-25T21:08:13+00:00\" \/>\n<meta property=\"og:image\" content=\"https:\/\/www.uanl.mx\/wp-content\/uploads\/2018\/12\/B.Deportes-Gaspar-Mass.jpg\" \/>\n<meta name=\"twitter:card\" content=\"summary_large_image\" \/>\n<meta name=\"twitter:site\" content=\"@uanl\" \/>\n<meta name=\"twitter:label1\" content=\"Est. reading time\" \/>\n\t<meta name=\"twitter:data1\" content=\"2 minutes\" \/>\n<script type=\"application\/ld+json\" class=\"yoast-schema-graph\">{\"@context\":\"https:\/\/schema.org\",\"@graph\":[{\"@type\":\"WebPage\",\"@id\":\"https:\/\/www.uanl.mx\/en\/sports-facilities\/\",\"url\":\"https:\/\/www.uanl.mx\/en\/sports-facilities\/\",\"name\":\"Sports Facilities - Universidad Aut\u00f3noma de Nuevo Le\u00f3n\",\"isPartOf\":{\"@id\":\"https:\/\/www.uanl.mx\/en\/#website\"},\"primaryImageOfPage\":{\"@id\":\"https:\/\/www.uanl.mx\/en\/sports-facilities\/#primaryimage\"},\"image\":{\"@id\":\"https:\/\/www.uanl.mx\/en\/sports-facilities\/#primaryimage\"},\"thumbnailUrl\":\"https:\/\/www.uanl.mx\/wp-content\/uploads\/2018\/12\/B.Deportes-Gaspar-Mass.jpg\",\"datePublished\":\"2019-03-12T22:53:43+00:00\",\"dateModified\":\"2019-03-25T21:08:13+00:00\",\"description\":\"UANL students and community members have access to a great number of sports facilities located at our campuses. Service available to UANL Students.\",\"breadcrumb\":{\"@id\":\"https:\/\/www.uanl.mx\/en\/sports-facilities\/#breadcrumb\"},\"inLanguage\":\"en-US\",\"potentialAction\":[{\"@type\":\"ReadAction\",\"target\":[\"https:\/\/www.uanl.mx\/en\/sports-facilities\/\"]}]},{\"@type\":\"ImageObject\",\"inLanguage\":\"en-US\",\"@id\":\"https:\/\/www.uanl.mx\/en\/sports-facilities\/#primaryimage\",\"url\":\"https:\/\/www.uanl.mx\/wp-content\/uploads\/2018\/12\/B.Deportes-Gaspar-Mass.jpg\",\"contentUrl\":\"https:\/\/www.uanl.mx\/wp-content\/uploads\/2018\/12\/B.Deportes-Gaspar-Mass.jpg\"},{\"@type\":\"BreadcrumbList\",\"@id\":\"https:\/\/www.uanl.mx\/en\/sports-facilities\/#breadcrumb\",\"itemListElement\":[{\"@type\":\"ListItem\",\"position\":1,\"name\":\"Home\",\"item\":\"https:\/\/www.uanl.mx\/en\/\"},{\"@type\":\"ListItem\",\"position\":2,\"name\":\"Sports Facilities\"}]},{\"@type\":\"WebSite\",\"@id\":\"https:\/\/www.uanl.mx\/en\/#website\",\"url\":\"https:\/\/www.uanl.mx\/en\/\",\"name\":\"Universidad Aut\u00f3noma de Nuevo Le\u00f3n\",\"description\":\"UANL\",\"publisher\":{\"@id\":\"https:\/\/www.uanl.mx\/en\/#organization\"},\"potentialAction\":[{\"@type\":\"SearchAction\",\"target\":{\"@type\":\"EntryPoint\",\"urlTemplate\":\"https:\/\/www.uanl.mx\/en\/?s={search_term_string}\"},\"query-input\":{\"@type\":\"PropertyValueSpecification\",\"valueRequired\":true,\"valueName\":\"search_term_string\"}}],\"inLanguage\":\"en-US\"},{\"@type\":\"Organization\",\"@id\":\"https:\/\/www.uanl.mx\/en\/#organization\",\"name\":\"UANL - Universidad Aut\u00f3noma de Nuevo Le\u00f3n\",\"url\":\"https:\/\/www.uanl.mx\/en\/\",\"logo\":{\"@type\":\"ImageObject\",\"inLanguage\":\"en-US\",\"@id\":\"https:\/\/www.uanl.mx\/en\/#\/schema\/logo\/image\/\",\"url\":\"https:\/\/www.uanl.mx\/wp-content\/uploads\/2019\/03\/uanl.jpg\",\"contentUrl\":\"https:\/\/www.uanl.mx\/wp-content\/uploads\/2019\/03\/uanl.jpg\",\"width\":200,\"height\":91,\"caption\":\"UANL - Universidad Aut\u00f3noma de Nuevo Le\u00f3n\"},\"image\":{\"@id\":\"https:\/\/www.uanl.mx\/en\/#\/schema\/logo\/image\/\"},\"sameAs\":[\"https:\/\/www.facebook.com\/uanlred\/\",\"https:\/\/x.com\/uanl\"]}]}<\/script>\n<!-- \/ Yoast SEO Premium plugin. -->","yoast_head_json":{"title":"Sports Facilities - Universidad Aut\u00f3noma de Nuevo Le\u00f3n","description":"UANL students and community members have access to a great number of sports facilities located at our campuses. Service available to UANL Students.","robots":{"index":"index","follow":"follow","max-snippet":"max-snippet:-1","max-image-preview":"max-image-preview:large","max-video-preview":"max-video-preview:-1"},"canonical":"https:\/\/www.uanl.mx\/en\/sports-facilities\/","og_locale":"en_US","og_type":"article","og_title":"Sports Facilities","og_description":"UANL students and community members have access to a great number of sports facilities located at our campuses. Service available to UANL Students.","og_url":"https:\/\/www.uanl.mx\/en\/sports-facilities\/","og_site_name":"Universidad Aut\u00f3noma de Nuevo Le\u00f3n","article_publisher":"https:\/\/www.facebook.com\/uanlred\/","article_modified_time":"2019-03-25T21:08:13+00:00","og_image":[{"url":"https:\/\/www.uanl.mx\/wp-content\/uploads\/2018\/12\/B.Deportes-Gaspar-Mass.jpg","type":"","width":"","height":""}],"twitter_card":"summary_large_image","twitter_site":"@uanl","twitter_misc":{"Est. reading time":"2 minutes"},"schema":{"@context":"https:\/\/schema.org","@graph":[{"@type":"WebPage","@id":"https:\/\/www.uanl.mx\/en\/sports-facilities\/","url":"https:\/\/www.uanl.mx\/en\/sports-facilities\/","name":"Sports Facilities - Universidad Aut\u00f3noma de Nuevo Le\u00f3n","isPartOf":{"@id":"https:\/\/www.uanl.mx\/en\/#website"},"primaryImageOfPage":{"@id":"https:\/\/www.uanl.mx\/en\/sports-facilities\/#primaryimage"},"image":{"@id":"https:\/\/www.uanl.mx\/en\/sports-facilities\/#primaryimage"},"thumbnailUrl":"https:\/\/www.uanl.mx\/wp-content\/uploads\/2018\/12\/B.Deportes-Gaspar-Mass.jpg","datePublished":"2019-03-12T22:53:43+00:00","dateModified":"2019-03-25T21:08:13+00:00","description":"UANL students and community members have access to a great number of sports facilities located at our campuses. Service available to UANL Students.","breadcrumb":{"@id":"https:\/\/www.uanl.mx\/en\/sports-facilities\/#breadcrumb"},"inLanguage":"en-US","potentialAction":[{"@type":"ReadAction","target":["https:\/\/www.uanl.mx\/en\/sports-facilities\/"]}]},{"@type":"ImageObject","inLanguage":"en-US","@id":"https:\/\/www.uanl.mx\/en\/sports-facilities\/#primaryimage","url":"https:\/\/www.uanl.mx\/wp-content\/uploads\/2018\/12\/B.Deportes-Gaspar-Mass.jpg","contentUrl":"https:\/\/www.uanl.mx\/wp-content\/uploads\/2018\/12\/B.Deportes-Gaspar-Mass.jpg"},{"@type":"BreadcrumbList","@id":"https:\/\/www.uanl.mx\/en\/sports-facilities\/#breadcrumb","itemListElement":[{"@type":"ListItem","position":1,"name":"Home","item":"https:\/\/www.uanl.mx\/en\/"},{"@type":"ListItem","position":2,"name":"Sports Facilities"}]},{"@type":"WebSite","@id":"https:\/\/www.uanl.mx\/en\/#website","url":"https:\/\/www.uanl.mx\/en\/","name":"Universidad Aut\u00f3noma de Nuevo Le\u00f3n","description":"UANL","publisher":{"@id":"https:\/\/www.uanl.mx\/en\/#organization"},"potentialAction":[{"@type":"SearchAction","target":{"@type":"EntryPoint","urlTemplate":"https:\/\/www.uanl.mx\/en\/?s={search_term_string}"},"query-input":{"@type":"PropertyValueSpecification","valueRequired":true,"valueName":"search_term_string"}}],"inLanguage":"en-US"},{"@type":"Organization","@id":"https:\/\/www.uanl.mx\/en\/#organization","name":"UANL - Universidad Aut\u00f3noma de Nuevo Le\u00f3n","url":"https:\/\/www.uanl.mx\/en\/","logo":{"@type":"ImageObject","inLanguage":"en-US","@id":"https:\/\/www.uanl.mx\/en\/#\/schema\/logo\/image\/","url":"https:\/\/www.uanl.mx\/wp-content\/uploads\/2019\/03\/uanl.jpg","contentUrl":"https:\/\/www.uanl.mx\/wp-content\/uploads\/2019\/03\/uanl.jpg","width":200,"height":91,"caption":"UANL - Universidad Aut\u00f3noma de Nuevo Le\u00f3n"},"image":{"@id":"https:\/\/www.uanl.mx\/en\/#\/schema\/logo\/image\/"},"sameAs":["https:\/\/www.facebook.com\/uanlred\/","https:\/\/x.com\/uanl"]}]}},"_links":{"self":[{"href":"https:\/\/www.uanl.mx\/en\/wp-json\/wp\/v2\/pages\/39103","targetHints":{"allow":["GET"]}}],"collection":[{"href":"https:\/\/www.uanl.mx\/en\/wp-json\/wp\/v2\/pages"}],"about":[{"href":"https:\/\/www.uanl.mx\/en\/wp-json\/wp\/v2\/types\/page"}],"author":[{"embeddable":true,"href":"https:\/\/www.uanl.mx\/en\/wp-json\/wp\/v2\/users\/2"}],"replies":[{"embeddable":true,"href":"https:\/\/www.uanl.mx\/en\/wp-json\/wp\/v2\/comments?post=39103"}],"version-history":[{"count":3,"href":"https:\/\/www.uanl.mx\/en\/wp-json\/wp\/v2\/pages\/39103\/revisions"}],"predecessor-version":[{"id":40111,"href":"https:\/\/www.uanl.mx\/en\/wp-json\/wp\/v2\/pages\/39103\/revisions\/40111"}],"wp:attachment":[{"href":"https:\/\/www.uanl.mx\/en\/wp-json\/wp\/v2\/media?parent=39103"}],"wp:term":[{"taxonomy":"post_tag","embeddable":true,"href":"https:\/\/www.uanl.mx\/en\/wp-json\/wp\/v2\/tags?post=39103"}],"curies":[{"name":"wp","href":"https:\/\/api.w.org\/{rel}","templated":true}]}}