{"id":38018,"date":"2019-03-07T14:51:09","date_gmt":"2019-03-07T20:51:09","guid":{"rendered":"https:\/\/www.uanl.mx\/?page_id=38018"},"modified":"2023-08-31T13:11:05","modified_gmt":"2023-08-31T18:11:05","slug":"meet-our-students","status":"publish","type":"page","link":"https:\/\/www.uanl.mx\/en\/meet-our-students\/","title":{"rendered":"Meet our Students"},"content":{"rendered":"<h3>Universidad Autonoma de Nuevo Leon welcomed 163 students from Mexico and 17 countries through the Academic Mobility Program<\/h3>\n<p>&nbsp;<\/p>\n<blockquote><p><img loading=\"lazy\" decoding=\"async\" class=\"size-full wp-image-94980 alignnone\" src=\"https:\/\/www.uanl.mx\/wp-content\/uploads\/2023\/08\/8W8A9142.jpg\" alt=\"\" width=\"3000\" height=\"1832\" \/><\/p>\n<h3>Students come from Belgium, Bolivia, Chile, Colombia, South Korea, Croatia, Egypt, Spain, the United States, France, Greece, Japan, Peru, Poland, Portugal, the Czech Republic, Romania, and the United States.<\/h3>\n<\/blockquote>\n<p>&nbsp;<\/p>\n<table style=\"height: 572px;\" width=\"557\">\n<tbody>\n<tr>\n<td style=\"text-align: center;\" width=\"90\">\n<h3 style=\"text-align: left;\">Constanza Soto (Chile)<\/h3>\n<h4 style=\"text-align: left;\">Studying at<br \/>\n<a href=\"http:\/\/enfermeria.uanl.mx\/en\/\">UANL School of Nursing<\/a><\/h4>\n<p><img loading=\"lazy\" decoding=\"async\" class=\"alignnone size-full wp-image-95004\" src=\"https:\/\/www.uanl.mx\/wp-content\/uploads\/2023\/08\/Constanza.png\" alt=\"\" width=\"1575\" height=\"2300\" \/><\/p>\n<p>&nbsp;<\/p>\n<p>&nbsp;<\/p>\n<p style=\"text-align: left;\">\n<\/td>\n<td width=\"90\">\n<blockquote>\n<p style=\"text-align: left;\">&#8220;It was about twelve hours by plane and about ten by bus, I liked the school, I Googled it and I loved it. I loved the un<span style=\"font-family: inherit; font-size: inherit;\">iform because in Chile it is blue and here it is white. I had two options, Costa Rica or Mexico when I wanted to apply and I applied to Mexico&#8221;.<\/span><\/p>\n<p style=\"text-align: left;\">&#8220;I want to learn about the culture here, to know how nursing works in this field here in Mexico&#8221;.<\/p>\n<p style=\"text-align: left;\">&#8220;From the culture, to get to know everything, the history, the food, the people, getting to know the world, maybe working here in Mexico, in Monterrey&#8221;.<\/p>\n<p style=\"text-align: left;\">&#8220;Universidad Aut\u00f3noma de Nuevo Le\u00f3n is for me knowledge, culture, learning many things&#8221;.<\/p>\n<\/blockquote>\n<\/td>\n<\/tr>\n<\/tbody>\n<\/table>\n<p>&nbsp;<\/p>\n<table style=\"height: 572px;\" width=\"557\">\n<tbody>\n<tr>\n<td style=\"text-align: center;\" width=\"90\">\n<h3 style=\"text-align: left;\">Angel Pose (Spain)<\/h3>\n<h4 style=\"text-align: left;\">Studying at<br \/>\n<a href=\"https:\/\/www.fime.uanl.mx\/\">UANL School of Mechanical and Electrical Engineering<\/a><\/h4>\n<p><img loading=\"lazy\" decoding=\"async\" class=\"alignnone size-full wp-image-94996\" src=\"https:\/\/www.uanl.mx\/wp-content\/uploads\/2023\/08\/AngelPose.png\" alt=\"\" width=\"1575\" height=\"2300\" \/><\/p>\n<p>&nbsp;<\/p>\n<p>&nbsp;<\/p>\n<p style=\"text-align: left;\">\n<\/td>\n<td width=\"90\">\n<blockquote><p>&#8220;The truth is that I always wanted to visit Mexico, so when I had the opportunity to do an exchange, it was the first country I thought of and then I chose the city because I have a friend who goes here and he told me very well about this University, that the courses are very good here, that it is a very good University and that is why I chose this place.&#8221;<\/p>\n<p>&#8220;I really wanted to increase my knowledge culturally, discover another country, another culture, to learn more about the world in general.&#8221;<\/p>\n<p>&#8220;I hope to learn as much as I can here for the future of my career and my job and everything.&#8221;<\/p>\n<p>&#8220;It&#8217;s a must to get out of your comfort zone visit other countries, and discover other things because they are the most beautiful experiences you will ever have in your life.&#8221;<\/p><\/blockquote>\n<\/td>\n<\/tr>\n<\/tbody>\n<\/table>\n<p>&nbsp;<\/p>\n<table style=\"height: 572px;\" width=\"557\">\n<tbody>\n<tr>\n<td style=\"text-align: center;\" width=\"90\">\n<h3 style=\"text-align: left;\">Hjentse Houben (Belgium)<\/h3>\n<h4 style=\"text-align: left;\">Studying at<br \/>\n<a href=\"http:\/\/www.facpoliticas.uanl.mx\/\">UANL School of Political Science and International Relations<\/a><\/h4>\n<p><img loading=\"lazy\" decoding=\"async\" class=\"alignnone size-full wp-image-95002\" src=\"https:\/\/www.uanl.mx\/wp-content\/uploads\/2023\/08\/Hjentse.png\" alt=\"\" width=\"1575\" height=\"2300\" \/><\/p>\n<p>&nbsp;<\/p>\n<p>&nbsp;<\/p>\n<p style=\"text-align: left;\">\n<\/td>\n<td width=\"90\">\n<blockquote><p>&#8220;I began to review the educational offerings and found the most interesting options for me at UANL. That is why I chose this University.&#8221;<\/p>\n<p>&#8220;For me, the Universidad Aut\u00f3noma de Nuevo Le\u00f3n is a great opportunity to get a better perspective of politics and thus have a global vision. That is why I am here.&#8221;<\/p>\n<p>&#8220;Universidad Aut\u00f3noma de Nuevo Le\u00f3n is a great opportunity to get a better perspective of politics and thus have a global vision. That is why I am here.&#8221;<\/p>\n<p>&#8220;Very well, I like it very much. I also like that the city is always alive and there are many things to do. Among the options, you can get out of the city and go mountaineering.&#8221;<\/p>\n<p>&#8220;I hope to get a broader perspective on how Mexicans view politics. In Europe, everything is focused on those countries and I also hope to graduate with a more global view of this.&#8221;<\/p><\/blockquote>\n<\/td>\n<\/tr>\n<\/tbody>\n<\/table>\n<p>&nbsp;<\/p>\n<h3>UANL Center for Internationalization<\/h3>\n<p><iframe loading=\"lazy\" style=\"border: 0;\" src=\"https:\/\/www.google.com\/maps\/embed?pb=!1m18!1m12!1m3!1d3594.3895761085805!2d-100.32231340321042!3d25.724627399999996!2m3!1f0!2f0!3f0!3m2!1i1024!2i768!4f13.1!3m3!1m2!1s0x8662944da1f1c7a5%3A0xcda9dccbefdb1cb8!2sCentro%20De%20Internacionalizaci%C3%B3n%20UANL!5e0!3m2!1sen!2smx!4v1693505049791!5m2!1sen!2smx\" width=\"600\" height=\"450\" allowfullscreen=\"allowfullscreen\"><\/iframe><\/p>\n","protected":false},"excerpt":{"rendered":"<p>Universidad Autonoma de Nuevo Leon welcomed 163 students from Mexico and 17 countries through the Academic Mobility Program &nbsp; Students come from Belgium, Bolivia, Chile, Colombia, South Korea, Croatia, Egypt, Spain, the United States, France, Greece, Japan, Peru, Poland, Portugal, the Czech Republic, Romania, and the United States. &nbsp; Constanza Soto (Chile) Studying at UANL [&hellip;]<\/p>\n","protected":false},"author":2,"featured_media":94983,"parent":0,"menu_order":0,"comment_status":"closed","ping_status":"closed","template":"page-templates\/template_contenido_estandar_page.php","meta":{"_acf_changed":false,"footnotes":""},"tags":[10074,19168,15213],"class_list":["post-38018","page","type-page","status-publish","has-post-thumbnail","hentry","tag-study-abroad","tag-uanl-academic-mobility-program","tag-uanl-international-students"],"acf":[],"yoast_head":"<!-- This site is optimized with the Yoast SEO Premium plugin v24.1 (Yoast SEO v24.8.1) - https:\/\/yoast.com\/wordpress\/plugins\/seo\/ -->\n<title>Meet our Students - Universidad Aut\u00f3noma de Nuevo Le\u00f3n<\/title>\n<meta name=\"description\" content=\"Universidad Aut\u00f3noma de Nuevo LA total of 163 students from different states of Mexico and 17 countries of the world decided to study at UANL\" \/>\n<meta name=\"robots\" content=\"index, follow, max-snippet:-1, max-image-preview:large, max-video-preview:-1\" \/>\n<link rel=\"canonical\" href=\"https:\/\/www.uanl.mx\/en\/meet-our-students\/\" \/>\n<meta property=\"og:locale\" content=\"en_US\" \/>\n<meta property=\"og:type\" content=\"article\" \/>\n<meta property=\"og:title\" content=\"Meet our Students\" \/>\n<meta property=\"og:description\" content=\"Universidad Aut\u00f3noma de Nuevo LA total of 163 students from different states of Mexico and 17 countries of the world decided to study at UANL\" \/>\n<meta property=\"og:url\" content=\"https:\/\/www.uanl.mx\/en\/meet-our-students\/\" \/>\n<meta property=\"og:site_name\" content=\"Universidad Aut\u00f3noma de Nuevo Le\u00f3n\" \/>\n<meta property=\"article:publisher\" content=\"https:\/\/www.facebook.com\/uanlred\/\" \/>\n<meta property=\"article:modified_time\" content=\"2023-08-31T18:11:05+00:00\" \/>\n<meta property=\"og:image\" content=\"https:\/\/www.uanl.mx\/wp-content\/uploads\/2023\/08\/8W8A8824.jpg\" \/>\n\t<meta property=\"og:image:width\" content=\"640\" \/>\n\t<meta property=\"og:image:height\" content=\"380\" \/>\n\t<meta property=\"og:image:type\" content=\"image\/jpeg\" \/>\n<meta name=\"twitter:card\" content=\"summary_large_image\" \/>\n<meta name=\"twitter:site\" content=\"@uanl\" \/>\n<meta name=\"twitter:label1\" content=\"Est. reading time\" \/>\n\t<meta name=\"twitter:data1\" content=\"3 minutes\" \/>\n<script type=\"application\/ld+json\" class=\"yoast-schema-graph\">{\"@context\":\"https:\/\/schema.org\",\"@graph\":[{\"@type\":\"WebPage\",\"@id\":\"https:\/\/www.uanl.mx\/en\/meet-our-students\/\",\"url\":\"https:\/\/www.uanl.mx\/en\/meet-our-students\/\",\"name\":\"Meet our Students - Universidad Aut\u00f3noma de Nuevo Le\u00f3n\",\"isPartOf\":{\"@id\":\"https:\/\/www.uanl.mx\/en\/#website\"},\"primaryImageOfPage\":{\"@id\":\"https:\/\/www.uanl.mx\/en\/meet-our-students\/#primaryimage\"},\"image\":{\"@id\":\"https:\/\/www.uanl.mx\/en\/meet-our-students\/#primaryimage\"},\"thumbnailUrl\":\"https:\/\/www.uanl.mx\/wp-content\/uploads\/2023\/08\/8W8A8824.jpg\",\"datePublished\":\"2019-03-07T20:51:09+00:00\",\"dateModified\":\"2023-08-31T18:11:05+00:00\",\"description\":\"Universidad Aut\u00f3noma de Nuevo LA total of 163 students from different states of Mexico and 17 countries of the world decided to study at UANL\",\"breadcrumb\":{\"@id\":\"https:\/\/www.uanl.mx\/en\/meet-our-students\/#breadcrumb\"},\"inLanguage\":\"en-US\",\"potentialAction\":[{\"@type\":\"ReadAction\",\"target\":[\"https:\/\/www.uanl.mx\/en\/meet-our-students\/\"]}]},{\"@type\":\"ImageObject\",\"inLanguage\":\"en-US\",\"@id\":\"https:\/\/www.uanl.mx\/en\/meet-our-students\/#primaryimage\",\"url\":\"https:\/\/www.uanl.mx\/wp-content\/uploads\/2023\/08\/8W8A8824.jpg\",\"contentUrl\":\"https:\/\/www.uanl.mx\/wp-content\/uploads\/2023\/08\/8W8A8824.jpg\",\"width\":2300,\"height\":1364},{\"@type\":\"BreadcrumbList\",\"@id\":\"https:\/\/www.uanl.mx\/en\/meet-our-students\/#breadcrumb\",\"itemListElement\":[{\"@type\":\"ListItem\",\"position\":1,\"name\":\"Home\",\"item\":\"https:\/\/www.uanl.mx\/en\/\"},{\"@type\":\"ListItem\",\"position\":2,\"name\":\"Meet our Students\"}]},{\"@type\":\"WebSite\",\"@id\":\"https:\/\/www.uanl.mx\/en\/#website\",\"url\":\"https:\/\/www.uanl.mx\/en\/\",\"name\":\"Universidad Aut\u00f3noma de Nuevo Le\u00f3n\",\"description\":\"UANL\",\"publisher\":{\"@id\":\"https:\/\/www.uanl.mx\/en\/#organization\"},\"potentialAction\":[{\"@type\":\"SearchAction\",\"target\":{\"@type\":\"EntryPoint\",\"urlTemplate\":\"https:\/\/www.uanl.mx\/en\/?s={search_term_string}\"},\"query-input\":{\"@type\":\"PropertyValueSpecification\",\"valueRequired\":true,\"valueName\":\"search_term_string\"}}],\"inLanguage\":\"en-US\"},{\"@type\":\"Organization\",\"@id\":\"https:\/\/www.uanl.mx\/en\/#organization\",\"name\":\"UANL - Universidad Aut\u00f3noma de Nuevo Le\u00f3n\",\"url\":\"https:\/\/www.uanl.mx\/en\/\",\"logo\":{\"@type\":\"ImageObject\",\"inLanguage\":\"en-US\",\"@id\":\"https:\/\/www.uanl.mx\/en\/#\/schema\/logo\/image\/\",\"url\":\"https:\/\/www.uanl.mx\/wp-content\/uploads\/2019\/03\/uanl.jpg\",\"contentUrl\":\"https:\/\/www.uanl.mx\/wp-content\/uploads\/2019\/03\/uanl.jpg\",\"width\":200,\"height\":91,\"caption\":\"UANL - Universidad Aut\u00f3noma de Nuevo Le\u00f3n\"},\"image\":{\"@id\":\"https:\/\/www.uanl.mx\/en\/#\/schema\/logo\/image\/\"},\"sameAs\":[\"https:\/\/www.facebook.com\/uanlred\/\",\"https:\/\/x.com\/uanl\"]}]}<\/script>\n<!-- \/ Yoast SEO Premium plugin. -->","yoast_head_json":{"title":"Meet our Students - Universidad Aut\u00f3noma de Nuevo Le\u00f3n","description":"Universidad Aut\u00f3noma de Nuevo LA total of 163 students from different states of Mexico and 17 countries of the world decided to study at UANL","robots":{"index":"index","follow":"follow","max-snippet":"max-snippet:-1","max-image-preview":"max-image-preview:large","max-video-preview":"max-video-preview:-1"},"canonical":"https:\/\/www.uanl.mx\/en\/meet-our-students\/","og_locale":"en_US","og_type":"article","og_title":"Meet our Students","og_description":"Universidad Aut\u00f3noma de Nuevo LA total of 163 students from different states of Mexico and 17 countries of the world decided to study at UANL","og_url":"https:\/\/www.uanl.mx\/en\/meet-our-students\/","og_site_name":"Universidad Aut\u00f3noma de Nuevo Le\u00f3n","article_publisher":"https:\/\/www.facebook.com\/uanlred\/","article_modified_time":"2023-08-31T18:11:05+00:00","og_image":[{"url":"https:\/\/www.uanl.mx\/wp-content\/uploads\/2023\/08\/8W8A8824.jpg","width":640,"height":380,"type":"image\/jpeg"}],"twitter_card":"summary_large_image","twitter_site":"@uanl","twitter_misc":{"Est. reading time":"3 minutes"},"schema":{"@context":"https:\/\/schema.org","@graph":[{"@type":"WebPage","@id":"https:\/\/www.uanl.mx\/en\/meet-our-students\/","url":"https:\/\/www.uanl.mx\/en\/meet-our-students\/","name":"Meet our Students - Universidad Aut\u00f3noma de Nuevo Le\u00f3n","isPartOf":{"@id":"https:\/\/www.uanl.mx\/en\/#website"},"primaryImageOfPage":{"@id":"https:\/\/www.uanl.mx\/en\/meet-our-students\/#primaryimage"},"image":{"@id":"https:\/\/www.uanl.mx\/en\/meet-our-students\/#primaryimage"},"thumbnailUrl":"https:\/\/www.uanl.mx\/wp-content\/uploads\/2023\/08\/8W8A8824.jpg","datePublished":"2019-03-07T20:51:09+00:00","dateModified":"2023-08-31T18:11:05+00:00","description":"Universidad Aut\u00f3noma de Nuevo LA total of 163 students from different states of Mexico and 17 countries of the world decided to study at UANL","breadcrumb":{"@id":"https:\/\/www.uanl.mx\/en\/meet-our-students\/#breadcrumb"},"inLanguage":"en-US","potentialAction":[{"@type":"ReadAction","target":["https:\/\/www.uanl.mx\/en\/meet-our-students\/"]}]},{"@type":"ImageObject","inLanguage":"en-US","@id":"https:\/\/www.uanl.mx\/en\/meet-our-students\/#primaryimage","url":"https:\/\/www.uanl.mx\/wp-content\/uploads\/2023\/08\/8W8A8824.jpg","contentUrl":"https:\/\/www.uanl.mx\/wp-content\/uploads\/2023\/08\/8W8A8824.jpg","width":2300,"height":1364},{"@type":"BreadcrumbList","@id":"https:\/\/www.uanl.mx\/en\/meet-our-students\/#breadcrumb","itemListElement":[{"@type":"ListItem","position":1,"name":"Home","item":"https:\/\/www.uanl.mx\/en\/"},{"@type":"ListItem","position":2,"name":"Meet our Students"}]},{"@type":"WebSite","@id":"https:\/\/www.uanl.mx\/en\/#website","url":"https:\/\/www.uanl.mx\/en\/","name":"Universidad Aut\u00f3noma de Nuevo Le\u00f3n","description":"UANL","publisher":{"@id":"https:\/\/www.uanl.mx\/en\/#organization"},"potentialAction":[{"@type":"SearchAction","target":{"@type":"EntryPoint","urlTemplate":"https:\/\/www.uanl.mx\/en\/?s={search_term_string}"},"query-input":{"@type":"PropertyValueSpecification","valueRequired":true,"valueName":"search_term_string"}}],"inLanguage":"en-US"},{"@type":"Organization","@id":"https:\/\/www.uanl.mx\/en\/#organization","name":"UANL - Universidad Aut\u00f3noma de Nuevo Le\u00f3n","url":"https:\/\/www.uanl.mx\/en\/","logo":{"@type":"ImageObject","inLanguage":"en-US","@id":"https:\/\/www.uanl.mx\/en\/#\/schema\/logo\/image\/","url":"https:\/\/www.uanl.mx\/wp-content\/uploads\/2019\/03\/uanl.jpg","contentUrl":"https:\/\/www.uanl.mx\/wp-content\/uploads\/2019\/03\/uanl.jpg","width":200,"height":91,"caption":"UANL - Universidad Aut\u00f3noma de Nuevo Le\u00f3n"},"image":{"@id":"https:\/\/www.uanl.mx\/en\/#\/schema\/logo\/image\/"},"sameAs":["https:\/\/www.facebook.com\/uanlred\/","https:\/\/x.com\/uanl"]}]}},"_links":{"self":[{"href":"https:\/\/www.uanl.mx\/en\/wp-json\/wp\/v2\/pages\/38018","targetHints":{"allow":["GET"]}}],"collection":[{"href":"https:\/\/www.uanl.mx\/en\/wp-json\/wp\/v2\/pages"}],"about":[{"href":"https:\/\/www.uanl.mx\/en\/wp-json\/wp\/v2\/types\/page"}],"author":[{"embeddable":true,"href":"https:\/\/www.uanl.mx\/en\/wp-json\/wp\/v2\/users\/2"}],"replies":[{"embeddable":true,"href":"https:\/\/www.uanl.mx\/en\/wp-json\/wp\/v2\/comments?post=38018"}],"version-history":[{"count":24,"href":"https:\/\/www.uanl.mx\/en\/wp-json\/wp\/v2\/pages\/38018\/revisions"}],"predecessor-version":[{"id":93792,"href":"https:\/\/www.uanl.mx\/en\/wp-json\/wp\/v2\/pages\/38018\/revisions\/93792"}],"wp:featuredmedia":[{"embeddable":true,"href":"https:\/\/www.uanl.mx\/en\/wp-json\/wp\/v2\/media\/94983"}],"wp:attachment":[{"href":"https:\/\/www.uanl.mx\/en\/wp-json\/wp\/v2\/media?parent=38018"}],"wp:term":[{"taxonomy":"post_tag","embeddable":true,"href":"https:\/\/www.uanl.mx\/en\/wp-json\/wp\/v2\/tags?post=38018"}],"curies":[{"name":"wp","href":"https:\/\/api.w.org\/{rel}","templated":true}]}}