{"id":38015,"date":"2019-03-07T14:45:08","date_gmt":"2019-03-07T20:45:08","guid":{"rendered":"https:\/\/www.uanl.mx\/?page_id=38015"},"modified":"2023-02-14T10:18:25","modified_gmt":"2023-02-14T16:18:25","slug":"academic-exchange","status":"publish","type":"page","link":"https:\/\/www.uanl.mx\/en\/academic-exchange\/","title":{"rendered":"Academic Exchange"},"content":{"rendered":"<p>The Department of Academic Exchange invites international undergraduate and graduate students from partner universities to carry out academic stays at Universidad Autonoma de Nuevo Leon.<\/p>\n<h3><strong>Call for applications:<\/strong><\/h3>\n<p>March 21, 2023, to June 1st, 2023<br \/>\nTerm: Aug-Dec 2023<\/p>\n<p>&nbsp;<\/p>\n<h3>Requirements for undergraduate students:<\/h3>\n<ol>\n<li>UANL application with photo<\/li>\n<li>Letter of permission by your university or your country\u2019s Ministry of Foreign Affairs<\/li>\n<li>Official university transcript<\/li>\n<li>Application essay<\/li>\n<li>Resume<\/li>\n<li>Report of psychological assessment<\/li>\n<li>Medical certificate including history, allergies, and other health conditions issued by a licensed physician<\/li>\n<li>Copy of your passport<\/li>\n<li>Spanish B2 certificate<\/li>\n<li>Certificate of lack of a criminal record<\/li>\n<li>Two recommendation letters<\/li>\n<li>Photo in JPEG format<\/li>\n<li>Syllabuses of the courses you want to take at UANL<\/li>\n<li>Health insurance covering repatriation and psychological and dental treatment (once you have been admitted)<\/li>\n<li>Student visa if the stay is longer than 180 days or study permit if the stay is shorter than 180 days (once you have been admitted)<\/li>\n<\/ol>\n<p>All documents must be submitted in digital form with their official translations in Spanish. Once you have met these requirements, the school you chose will issue your acceptance letter.<\/p>\n<p>&nbsp;<\/p>\n<h3>Requirements for graduate students:<\/h3>\n<ol>\n<li>UANL application with photo<\/li>\n<li>Letter of permission by your university or your country\u2019s Ministry of Foreign Affairs<\/li>\n<li>Undergraduate degree certificate<\/li>\n<li>Application essay<\/li>\n<li>Resume<\/li>\n<li>Report of psychological assessment<\/li>\n<li>Medical certificate including blood and urine tests<\/li>\n<li>Copy of your passport<\/li>\n<li>Spanish B2 certificate<\/li>\n<li>Certificate of lack of a criminal record<\/li>\n<li>Three recommendation letters<\/li>\n<li>Photo in JPEG format<\/li>\n<li>Dissertation proposal (only for doctoral degree students)<\/li>\n<li>Syllabuses of the courses you want to take at UANL<\/li>\n<li>Health insurance covering repatriation and psychological and dental treatment (once you have been admitted)<\/li>\n<li>Student visa if the stay is longer than 180 days or study permit if the stay is shorter than 180 days (once you have been admitted)<\/li>\n<\/ol>\n<p>All documents must be submitted in digital form with their official translations in Spanish. Once you have met these requirements, the school you chose will issue your acceptance letter and inform you of the necessary documents to request transfer credit at the Ministry of Public Education.<\/p>\n","protected":false},"excerpt":{"rendered":"<p>The Department of Academic Exchange invites international undergraduate and graduate students from partner universities to carry out academic stays at Universidad Autonoma de Nuevo Leon. Call for applications: March 21, 2023, to June 1st, 2023 Term: Aug-Dec 2023 &nbsp; Requirements for undergraduate students: UANL application with photo Letter of permission by your university or your [&hellip;]<\/p>\n","protected":false},"author":2,"featured_media":0,"parent":0,"menu_order":0,"comment_status":"closed","ping_status":"closed","template":"page-templates\/template_contenido_estandar_page.php","meta":{"_acf_changed":false,"footnotes":""},"tags":[],"class_list":["post-38015","page","type-page","status-publish","hentry"],"acf":[],"yoast_head":"<!-- This site is optimized with the Yoast SEO Premium plugin v24.1 (Yoast SEO v24.8.1) - https:\/\/yoast.com\/wordpress\/plugins\/seo\/ -->\n<title>Academic Exchange - Universidad Aut\u00f3noma de Nuevo Le\u00f3n<\/title>\n<meta name=\"description\" content=\"Universidad Aut\u00f3noma de Nuevo Le\u00f3n\" \/>\n<meta name=\"robots\" content=\"index, follow, max-snippet:-1, max-image-preview:large, max-video-preview:-1\" \/>\n<link rel=\"canonical\" href=\"https:\/\/www.uanl.mx\/en\/academic-exchange\/\" \/>\n<meta property=\"og:locale\" content=\"en_US\" \/>\n<meta property=\"og:type\" content=\"article\" \/>\n<meta property=\"og:title\" content=\"Academic Exchange\" \/>\n<meta property=\"og:description\" content=\"Universidad Aut\u00f3noma de Nuevo Le\u00f3n\" \/>\n<meta property=\"og:url\" content=\"https:\/\/www.uanl.mx\/en\/academic-exchange\/\" \/>\n<meta property=\"og:site_name\" content=\"Universidad Aut\u00f3noma de Nuevo Le\u00f3n\" \/>\n<meta property=\"article:publisher\" content=\"https:\/\/www.facebook.com\/uanlred\/\" \/>\n<meta property=\"article:modified_time\" content=\"2023-02-14T16:18:25+00:00\" \/>\n<meta name=\"twitter:card\" content=\"summary_large_image\" \/>\n<meta name=\"twitter:site\" content=\"@uanl\" \/>\n<meta name=\"twitter:label1\" content=\"Est. reading time\" \/>\n\t<meta name=\"twitter:data1\" content=\"2 minutes\" \/>\n<script type=\"application\/ld+json\" class=\"yoast-schema-graph\">{\"@context\":\"https:\/\/schema.org\",\"@graph\":[{\"@type\":\"WebPage\",\"@id\":\"https:\/\/www.uanl.mx\/en\/academic-exchange\/\",\"url\":\"https:\/\/www.uanl.mx\/en\/academic-exchange\/\",\"name\":\"Academic Exchange - Universidad Aut\u00f3noma de Nuevo Le\u00f3n\",\"isPartOf\":{\"@id\":\"https:\/\/www.uanl.mx\/en\/#website\"},\"datePublished\":\"2019-03-07T20:45:08+00:00\",\"dateModified\":\"2023-02-14T16:18:25+00:00\",\"description\":\"Universidad Aut\u00f3noma de Nuevo Le\u00f3n\",\"breadcrumb\":{\"@id\":\"https:\/\/www.uanl.mx\/en\/academic-exchange\/#breadcrumb\"},\"inLanguage\":\"en-US\",\"potentialAction\":[{\"@type\":\"ReadAction\",\"target\":[\"https:\/\/www.uanl.mx\/en\/academic-exchange\/\"]}]},{\"@type\":\"BreadcrumbList\",\"@id\":\"https:\/\/www.uanl.mx\/en\/academic-exchange\/#breadcrumb\",\"itemListElement\":[{\"@type\":\"ListItem\",\"position\":1,\"name\":\"Home\",\"item\":\"https:\/\/www.uanl.mx\/en\/\"},{\"@type\":\"ListItem\",\"position\":2,\"name\":\"Academic Exchange\"}]},{\"@type\":\"WebSite\",\"@id\":\"https:\/\/www.uanl.mx\/en\/#website\",\"url\":\"https:\/\/www.uanl.mx\/en\/\",\"name\":\"Universidad Aut\u00f3noma de Nuevo Le\u00f3n\",\"description\":\"UANL\",\"publisher\":{\"@id\":\"https:\/\/www.uanl.mx\/en\/#organization\"},\"potentialAction\":[{\"@type\":\"SearchAction\",\"target\":{\"@type\":\"EntryPoint\",\"urlTemplate\":\"https:\/\/www.uanl.mx\/en\/?s={search_term_string}\"},\"query-input\":{\"@type\":\"PropertyValueSpecification\",\"valueRequired\":true,\"valueName\":\"search_term_string\"}}],\"inLanguage\":\"en-US\"},{\"@type\":\"Organization\",\"@id\":\"https:\/\/www.uanl.mx\/en\/#organization\",\"name\":\"UANL - Universidad Aut\u00f3noma de Nuevo Le\u00f3n\",\"url\":\"https:\/\/www.uanl.mx\/en\/\",\"logo\":{\"@type\":\"ImageObject\",\"inLanguage\":\"en-US\",\"@id\":\"https:\/\/www.uanl.mx\/en\/#\/schema\/logo\/image\/\",\"url\":\"https:\/\/www.uanl.mx\/wp-content\/uploads\/2019\/03\/uanl.jpg\",\"contentUrl\":\"https:\/\/www.uanl.mx\/wp-content\/uploads\/2019\/03\/uanl.jpg\",\"width\":200,\"height\":91,\"caption\":\"UANL - Universidad Aut\u00f3noma de Nuevo Le\u00f3n\"},\"image\":{\"@id\":\"https:\/\/www.uanl.mx\/en\/#\/schema\/logo\/image\/\"},\"sameAs\":[\"https:\/\/www.facebook.com\/uanlred\/\",\"https:\/\/x.com\/uanl\"]}]}<\/script>\n<!-- \/ Yoast SEO Premium plugin. -->","yoast_head_json":{"title":"Academic Exchange - Universidad Aut\u00f3noma de Nuevo Le\u00f3n","description":"Universidad Aut\u00f3noma de Nuevo Le\u00f3n","robots":{"index":"index","follow":"follow","max-snippet":"max-snippet:-1","max-image-preview":"max-image-preview:large","max-video-preview":"max-video-preview:-1"},"canonical":"https:\/\/www.uanl.mx\/en\/academic-exchange\/","og_locale":"en_US","og_type":"article","og_title":"Academic Exchange","og_description":"Universidad Aut\u00f3noma de Nuevo Le\u00f3n","og_url":"https:\/\/www.uanl.mx\/en\/academic-exchange\/","og_site_name":"Universidad Aut\u00f3noma de Nuevo Le\u00f3n","article_publisher":"https:\/\/www.facebook.com\/uanlred\/","article_modified_time":"2023-02-14T16:18:25+00:00","twitter_card":"summary_large_image","twitter_site":"@uanl","twitter_misc":{"Est. reading time":"2 minutes"},"schema":{"@context":"https:\/\/schema.org","@graph":[{"@type":"WebPage","@id":"https:\/\/www.uanl.mx\/en\/academic-exchange\/","url":"https:\/\/www.uanl.mx\/en\/academic-exchange\/","name":"Academic Exchange - Universidad Aut\u00f3noma de Nuevo Le\u00f3n","isPartOf":{"@id":"https:\/\/www.uanl.mx\/en\/#website"},"datePublished":"2019-03-07T20:45:08+00:00","dateModified":"2023-02-14T16:18:25+00:00","description":"Universidad Aut\u00f3noma de Nuevo Le\u00f3n","breadcrumb":{"@id":"https:\/\/www.uanl.mx\/en\/academic-exchange\/#breadcrumb"},"inLanguage":"en-US","potentialAction":[{"@type":"ReadAction","target":["https:\/\/www.uanl.mx\/en\/academic-exchange\/"]}]},{"@type":"BreadcrumbList","@id":"https:\/\/www.uanl.mx\/en\/academic-exchange\/#breadcrumb","itemListElement":[{"@type":"ListItem","position":1,"name":"Home","item":"https:\/\/www.uanl.mx\/en\/"},{"@type":"ListItem","position":2,"name":"Academic Exchange"}]},{"@type":"WebSite","@id":"https:\/\/www.uanl.mx\/en\/#website","url":"https:\/\/www.uanl.mx\/en\/","name":"Universidad Aut\u00f3noma de Nuevo Le\u00f3n","description":"UANL","publisher":{"@id":"https:\/\/www.uanl.mx\/en\/#organization"},"potentialAction":[{"@type":"SearchAction","target":{"@type":"EntryPoint","urlTemplate":"https:\/\/www.uanl.mx\/en\/?s={search_term_string}"},"query-input":{"@type":"PropertyValueSpecification","valueRequired":true,"valueName":"search_term_string"}}],"inLanguage":"en-US"},{"@type":"Organization","@id":"https:\/\/www.uanl.mx\/en\/#organization","name":"UANL - Universidad Aut\u00f3noma de Nuevo Le\u00f3n","url":"https:\/\/www.uanl.mx\/en\/","logo":{"@type":"ImageObject","inLanguage":"en-US","@id":"https:\/\/www.uanl.mx\/en\/#\/schema\/logo\/image\/","url":"https:\/\/www.uanl.mx\/wp-content\/uploads\/2019\/03\/uanl.jpg","contentUrl":"https:\/\/www.uanl.mx\/wp-content\/uploads\/2019\/03\/uanl.jpg","width":200,"height":91,"caption":"UANL - Universidad Aut\u00f3noma de Nuevo Le\u00f3n"},"image":{"@id":"https:\/\/www.uanl.mx\/en\/#\/schema\/logo\/image\/"},"sameAs":["https:\/\/www.facebook.com\/uanlred\/","https:\/\/x.com\/uanl"]}]}},"_links":{"self":[{"href":"https:\/\/www.uanl.mx\/en\/wp-json\/wp\/v2\/pages\/38015","targetHints":{"allow":["GET"]}}],"collection":[{"href":"https:\/\/www.uanl.mx\/en\/wp-json\/wp\/v2\/pages"}],"about":[{"href":"https:\/\/www.uanl.mx\/en\/wp-json\/wp\/v2\/types\/page"}],"author":[{"embeddable":true,"href":"https:\/\/www.uanl.mx\/en\/wp-json\/wp\/v2\/users\/2"}],"replies":[{"embeddable":true,"href":"https:\/\/www.uanl.mx\/en\/wp-json\/wp\/v2\/comments?post=38015"}],"version-history":[{"count":10,"href":"https:\/\/www.uanl.mx\/en\/wp-json\/wp\/v2\/pages\/38015\/revisions"}],"predecessor-version":[{"id":88779,"href":"https:\/\/www.uanl.mx\/en\/wp-json\/wp\/v2\/pages\/38015\/revisions\/88779"}],"wp:attachment":[{"href":"https:\/\/www.uanl.mx\/en\/wp-json\/wp\/v2\/media?parent=38015"}],"wp:term":[{"taxonomy":"post_tag","embeddable":true,"href":"https:\/\/www.uanl.mx\/en\/wp-json\/wp\/v2\/tags?post=38015"}],"curies":[{"name":"wp","href":"https:\/\/api.w.org\/{rel}","templated":true}]}}